{"id":12342,"date":"2026-05-07T12:56:47","date_gmt":"2026-05-07T10:56:47","guid":{"rendered":"https:\/\/esentialaroms.com\/productos\/balsamo-labial-de-argan-2\/"},"modified":"2026-05-07T14:22:07","modified_gmt":"2026-05-07T12:22:07","slug":"balsamo-labial-de-argan-2","status":"publish","type":"product","link":"https:\/\/esentialaroms.com\/fr\/productos\/balsamo-labial-de-argan-2\/","title":{"rendered":"BAUME \u00c0 L\u00c8VRES \u00e0 l&rsquo;Argan"},"content":{"rendered":"<div>Baume \u00e0 l\u00e8vres \u00e0 l&rsquo;argan. &nbsp;<\/div>\n","protected":false},"excerpt":{"rendered":"<div>B\u00e1lsamo labial de hidrataci\u00f3n intensiva de Arg\u00e1n. &nbsp;<\/div>\n","protected":false},"featured_media":12343,"comment_status":"open","ping_status":"closed","template":"","meta":{"_acf_changed":false,"rs_blank_template":"","rs_page_bg_color":"","slide_template_v7":""},"product_brand":[],"product_cat":[325,340,322,358,355],"product_tag":[],"class_list":{"0":"post-12342","1":"product","2":"type-product","3":"status-publish","4":"has-post-thumbnail","6":"product_cat-argan","7":"product_cat-besoins","8":"product_cat-familles","9":"product_cat-soins-de-la-peau","10":"product_cat-visage","12":"first","13":"instock","14":"shipping-taxable","15":"purchasable","16":"product-type-simple"},"acf":[],"_links":{"self":[{"href":"https:\/\/esentialaroms.com\/fr\/wp-json\/wp\/v2\/product\/12342","targetHints":{"allow":["GET"]}}],"collection":[{"href":"https:\/\/esentialaroms.com\/fr\/wp-json\/wp\/v2\/product"}],"about":[{"href":"https:\/\/esentialaroms.com\/fr\/wp-json\/wp\/v2\/types\/product"}],"replies":[{"embeddable":true,"href":"https:\/\/esentialaroms.com\/fr\/wp-json\/wp\/v2\/comments?post=12342"}],"version-history":[{"count":1,"href":"https:\/\/esentialaroms.com\/fr\/wp-json\/wp\/v2\/product\/12342\/revisions"}],"predecessor-version":[{"id":12345,"href":"https:\/\/esentialaroms.com\/fr\/wp-json\/wp\/v2\/product\/12342\/revisions\/12345"}],"wp:featuredmedia":[{"embeddable":true,"href":"https:\/\/esentialaroms.com\/fr\/wp-json\/wp\/v2\/media\/12343"}],"wp:attachment":[{"href":"https:\/\/esentialaroms.com\/fr\/wp-json\/wp\/v2\/media?parent=12342"}],"wp:term":[{"taxonomy":"product_brand","embeddable":true,"href":"https:\/\/esentialaroms.com\/fr\/wp-json\/wp\/v2\/product_brand?post=12342"},{"taxonomy":"product_cat","embeddable":true,"href":"https:\/\/esentialaroms.com\/fr\/wp-json\/wp\/v2\/product_cat?post=12342"},{"taxonomy":"product_tag","embeddable":true,"href":"https:\/\/esentialaroms.com\/fr\/wp-json\/wp\/v2\/product_tag?post=12342"}],"curies":[{"name":"wp","href":"https:\/\/api.w.org\/{rel}","templated":true}]}}