{"id":12327,"date":"2026-05-07T12:56:43","date_gmt":"2026-05-07T10:56:43","guid":{"rendered":"https:\/\/esentialaroms.com\/productos\/lubrica-intim-50-ml-2\/"},"modified":"2026-05-07T14:22:07","modified_gmt":"2026-05-07T12:22:07","slug":"lubrica-intim-50-ml-2","status":"publish","type":"product","link":"https:\/\/esentialaroms.com\/fr\/productos\/lubrica-intim-50-ml-2\/","title":{"rendered":"LUBRICA intim 50 ml"},"content":{"rendered":"<div>Hydratation intime. Test\u00e9 cliniquement. Huile naturelle. &nbsp;<\/div>\n","protected":false},"excerpt":{"rendered":"<div>LUBRICA intim\u00ae est formul\u00e9 avec des huiles v\u00e9g\u00e9tales vierges d\u2019abricot, avocat et argan*, mac\u00e9r\u00e2t de calendula* et huiles essentielles (H.E.B.B.D.**) d\u2019arbre \u00e0 th\u00e9*, camomille et lavande. *Ingr\u00e9dient issu de l\u2019Agriculture Biologique. **Huiles Essentielles Botaniquement et Biochimiquement D\u00e9finies. &nbsp;<\/div>\n","protected":false},"featured_media":12328,"comment_status":"open","ping_status":"closed","template":"","meta":{"_acf_changed":false,"rs_blank_template":"","rs_page_bg_color":"","slide_template_v7":""},"product_brand":[],"product_cat":[340,463,322,509,503],"product_tag":[],"class_list":{"0":"post-12327","1":"product","2":"type-product","3":"status-publish","4":"has-post-thumbnail","6":"product_cat-besoins","7":"product_cat-esentialwoman","8":"product_cat-familles","9":"product_cat-hygiene","10":"product_cat-physique","12":"first","13":"instock","14":"shipping-taxable","15":"purchasable","16":"product-type-simple"},"acf":[],"_links":{"self":[{"href":"https:\/\/esentialaroms.com\/fr\/wp-json\/wp\/v2\/product\/12327","targetHints":{"allow":["GET"]}}],"collection":[{"href":"https:\/\/esentialaroms.com\/fr\/wp-json\/wp\/v2\/product"}],"about":[{"href":"https:\/\/esentialaroms.com\/fr\/wp-json\/wp\/v2\/types\/product"}],"replies":[{"embeddable":true,"href":"https:\/\/esentialaroms.com\/fr\/wp-json\/wp\/v2\/comments?post=12327"}],"version-history":[{"count":1,"href":"https:\/\/esentialaroms.com\/fr\/wp-json\/wp\/v2\/product\/12327\/revisions"}],"predecessor-version":[{"id":12330,"href":"https:\/\/esentialaroms.com\/fr\/wp-json\/wp\/v2\/product\/12327\/revisions\/12330"}],"wp:featuredmedia":[{"embeddable":true,"href":"https:\/\/esentialaroms.com\/fr\/wp-json\/wp\/v2\/media\/12328"}],"wp:attachment":[{"href":"https:\/\/esentialaroms.com\/fr\/wp-json\/wp\/v2\/media?parent=12327"}],"wp:term":[{"taxonomy":"product_brand","embeddable":true,"href":"https:\/\/esentialaroms.com\/fr\/wp-json\/wp\/v2\/product_brand?post=12327"},{"taxonomy":"product_cat","embeddable":true,"href":"https:\/\/esentialaroms.com\/fr\/wp-json\/wp\/v2\/product_cat?post=12327"},{"taxonomy":"product_tag","embeddable":true,"href":"https:\/\/esentialaroms.com\/fr\/wp-json\/wp\/v2\/product_tag?post=12327"}],"curies":[{"name":"wp","href":"https:\/\/api.w.org\/{rel}","templated":true}]}}