{"id":12312,"date":"2026-05-07T12:56:39","date_gmt":"2026-05-07T10:56:39","guid":{"rendered":"https:\/\/esentialaroms.com\/productos\/balsamo-labial-de-rosa-mosqueta-2\/"},"modified":"2026-05-07T14:22:06","modified_gmt":"2026-05-07T12:22:06","slug":"balsamo-labial-de-rosa-mosqueta-2","status":"publish","type":"product","link":"https:\/\/esentialaroms.com\/fr\/productos\/balsamo-labial-de-rosa-mosqueta-2\/","title":{"rendered":"BAUME \u00c0 L\u00c8VRES Rose musqu\u00e9e"},"content":{"rendered":"<div>Baume \u00e0 l\u00e8vres \u00e0 l&rsquo;\u00e9glantier. &nbsp;<\/div>\n","protected":false},"excerpt":{"rendered":"<div>Baume \u00e0 l\u00e8vres 100% naturel \u00e0 base d&rsquo;\u00e9glantier. &nbsp;<\/div>\n","protected":false},"featured_media":12313,"comment_status":"open","ping_status":"closed","template":"","meta":{"_acf_changed":false,"rs_blank_template":"","rs_page_bg_color":"","slide_template_v7":""},"product_brand":[],"product_cat":[340,555,485,322,358,355],"product_tag":[],"class_list":{"0":"post-12312","1":"product","2":"type-product","3":"status-publish","4":"has-post-thumbnail","6":"product_cat-besoins","7":"product_cat-best-sellers","8":"product_cat-cynorrhodon","9":"product_cat-familles","10":"product_cat-soins-de-la-peau","11":"product_cat-visage","13":"first","14":"instock","15":"shipping-taxable","16":"purchasable","17":"product-type-simple"},"acf":[],"_links":{"self":[{"href":"https:\/\/esentialaroms.com\/fr\/wp-json\/wp\/v2\/product\/12312","targetHints":{"allow":["GET"]}}],"collection":[{"href":"https:\/\/esentialaroms.com\/fr\/wp-json\/wp\/v2\/product"}],"about":[{"href":"https:\/\/esentialaroms.com\/fr\/wp-json\/wp\/v2\/types\/product"}],"replies":[{"embeddable":true,"href":"https:\/\/esentialaroms.com\/fr\/wp-json\/wp\/v2\/comments?post=12312"}],"version-history":[{"count":1,"href":"https:\/\/esentialaroms.com\/fr\/wp-json\/wp\/v2\/product\/12312\/revisions"}],"predecessor-version":[{"id":12315,"href":"https:\/\/esentialaroms.com\/fr\/wp-json\/wp\/v2\/product\/12312\/revisions\/12315"}],"wp:featuredmedia":[{"embeddable":true,"href":"https:\/\/esentialaroms.com\/fr\/wp-json\/wp\/v2\/media\/12313"}],"wp:attachment":[{"href":"https:\/\/esentialaroms.com\/fr\/wp-json\/wp\/v2\/media?parent=12312"}],"wp:term":[{"taxonomy":"product_brand","embeddable":true,"href":"https:\/\/esentialaroms.com\/fr\/wp-json\/wp\/v2\/product_brand?post=12312"},{"taxonomy":"product_cat","embeddable":true,"href":"https:\/\/esentialaroms.com\/fr\/wp-json\/wp\/v2\/product_cat?post=12312"},{"taxonomy":"product_tag","embeddable":true,"href":"https:\/\/esentialaroms.com\/fr\/wp-json\/wp\/v2\/product_tag?post=12312"}],"curies":[{"name":"wp","href":"https:\/\/api.w.org\/{rel}","templated":true}]}}