{"id":12288,"date":"2026-05-07T12:56:32","date_gmt":"2026-05-07T10:56:32","guid":{"rendered":"https:\/\/esentialaroms.com\/productos\/aceite-vegetal-virgen-de-rosa-mosqueta-100-perlas-2\/"},"modified":"2026-05-07T14:22:06","modified_gmt":"2026-05-07T12:22:06","slug":"aceite-vegetal-virgen-de-rosa-mosqueta-100-perlas-2","status":"publish","type":"product","link":"https:\/\/esentialaroms.com\/fr\/productos\/aceite-vegetal-virgen-de-rosa-mosqueta-100-perlas-2\/","title":{"rendered":"HUILE V\u00c9G\u00c9TALE VIERGE ROSE MUSQU\u00c9E 100 capsules"},"content":{"rendered":"<div>Huile v\u00e9g\u00e9tale vierge de rose musqu\u00e9e de 1\u00e8re pression \u00e0 froid. &nbsp;<\/div>\n","protected":false},"excerpt":{"rendered":"<div>Compl\u00e9ment alimentaire \u00e0 base d\u2019huile v\u00e9g\u00e9tale vierge de rose musqu\u00e9e de premi\u00e8re pression \u00e0 froid, avec vitamine E naturelle, apportant des acides gras insatur\u00e9s essentiels pour compl\u00e9ter l\u2019alimentation quotidienne. &nbsp;<\/div>\n","protected":false},"featured_media":12289,"comment_status":"open","ping_status":"closed","template":"","meta":{"_acf_changed":false,"rs_blank_template":"","rs_page_bg_color":"","slide_template_v7":""},"product_brand":[],"product_cat":[340,343,349,485,322,527,346,518,355],"product_tag":[],"class_list":{"0":"post-12288","1":"product","2":"type-product","3":"status-publish","4":"has-post-thumbnail","6":"product_cat-besoins","7":"product_cat-bien-etre","8":"product_cat-corps-et-visage","9":"product_cat-cynorrhodon","10":"product_cat-familles","11":"product_cat-la-beaute-de-linterieur","12":"product_cat-le-bien-etre-des-femmes","13":"product_cat-soins-du-visage-de-base","14":"product_cat-visage","16":"first","17":"instock","18":"shipping-taxable","19":"purchasable","20":"product-type-simple"},"acf":[],"_links":{"self":[{"href":"https:\/\/esentialaroms.com\/fr\/wp-json\/wp\/v2\/product\/12288","targetHints":{"allow":["GET"]}}],"collection":[{"href":"https:\/\/esentialaroms.com\/fr\/wp-json\/wp\/v2\/product"}],"about":[{"href":"https:\/\/esentialaroms.com\/fr\/wp-json\/wp\/v2\/types\/product"}],"replies":[{"embeddable":true,"href":"https:\/\/esentialaroms.com\/fr\/wp-json\/wp\/v2\/comments?post=12288"}],"version-history":[{"count":1,"href":"https:\/\/esentialaroms.com\/fr\/wp-json\/wp\/v2\/product\/12288\/revisions"}],"predecessor-version":[{"id":12290,"href":"https:\/\/esentialaroms.com\/fr\/wp-json\/wp\/v2\/product\/12288\/revisions\/12290"}],"wp:featuredmedia":[{"embeddable":true,"href":"https:\/\/esentialaroms.com\/fr\/wp-json\/wp\/v2\/media\/12289"}],"wp:attachment":[{"href":"https:\/\/esentialaroms.com\/fr\/wp-json\/wp\/v2\/media?parent=12288"}],"wp:term":[{"taxonomy":"product_brand","embeddable":true,"href":"https:\/\/esentialaroms.com\/fr\/wp-json\/wp\/v2\/product_brand?post=12288"},{"taxonomy":"product_cat","embeddable":true,"href":"https:\/\/esentialaroms.com\/fr\/wp-json\/wp\/v2\/product_cat?post=12288"},{"taxonomy":"product_tag","embeddable":true,"href":"https:\/\/esentialaroms.com\/fr\/wp-json\/wp\/v2\/product_tag?post=12288"}],"curies":[{"name":"wp","href":"https:\/\/api.w.org\/{rel}","templated":true}]}}