{"id":12260,"date":"2026-05-07T12:56:22","date_gmt":"2026-05-07T10:56:22","guid":{"rendered":"https:\/\/esentialaroms.com\/productos\/aceite-vegetal-virgen-de-argan-50-ml-2\/"},"modified":"2026-05-07T14:22:05","modified_gmt":"2026-05-07T12:22:05","slug":"aceite-vegetal-virgen-de-argan-50-ml-2","status":"publish","type":"product","link":"https:\/\/esentialaroms.com\/fr\/productos\/aceite-vegetal-virgen-de-argan-50-ml-2\/","title":{"rendered":"HUILE V\u00c9G\u00c9TALE VIERGE d&rsquo;Argan 50 ml"},"content":{"rendered":"","protected":false},"excerpt":{"rendered":"<div>Huile v\u00e9g\u00e9tale d\u2019argan vierge, cosm\u00e9tique 100 % naturelle, r\u00e9g\u00e9n\u00e9rante, 1.\u00aa pression \u00e0 froid. &nbsp;<\/div>\n<div>L\u2019huile vierge d\u2019ARGAN est extraite en 1\u00e8re pression \u00e0 froid de la graine de l\u2019arbre d\u2019ARGAN (Argania spinosa), originaire du Maroc. Elle a une forte valeur biologique de part son action cutan\u00e9e hautement hydratante et nutritive. Elle stimule \u00e9galement la r\u00e9g\u00e9n\u00e9ration de la peau en l\u2019aidant efficacement \u00e0 combattre les rides et les effets du temps. &nbsp;<\/div>\n","protected":false},"featured_media":12261,"comment_status":"open","ping_status":"closed","template":"","meta":{"_acf_changed":false,"rs_blank_template":"","rs_page_bg_color":"","slide_template_v7":""},"product_brand":[],"product_cat":[325,307,340,322,310,361,355],"product_tag":[],"class_list":{"0":"post-12260","1":"product","2":"type-product","3":"status-publish","4":"has-post-thumbnail","6":"product_cat-argan","7":"product_cat-aromatherapie","8":"product_cat-besoins","9":"product_cat-familles","10":"product_cat-huiles-vegetales","11":"product_cat-type-de-peau","12":"product_cat-visage","14":"first","15":"instock","16":"shipping-taxable","17":"purchasable","18":"product-type-simple"},"acf":[],"_links":{"self":[{"href":"https:\/\/esentialaroms.com\/fr\/wp-json\/wp\/v2\/product\/12260","targetHints":{"allow":["GET"]}}],"collection":[{"href":"https:\/\/esentialaroms.com\/fr\/wp-json\/wp\/v2\/product"}],"about":[{"href":"https:\/\/esentialaroms.com\/fr\/wp-json\/wp\/v2\/types\/product"}],"replies":[{"embeddable":true,"href":"https:\/\/esentialaroms.com\/fr\/wp-json\/wp\/v2\/comments?post=12260"}],"version-history":[{"count":1,"href":"https:\/\/esentialaroms.com\/fr\/wp-json\/wp\/v2\/product\/12260\/revisions"}],"predecessor-version":[{"id":12263,"href":"https:\/\/esentialaroms.com\/fr\/wp-json\/wp\/v2\/product\/12260\/revisions\/12263"}],"wp:featuredmedia":[{"embeddable":true,"href":"https:\/\/esentialaroms.com\/fr\/wp-json\/wp\/v2\/media\/12261"}],"wp:attachment":[{"href":"https:\/\/esentialaroms.com\/fr\/wp-json\/wp\/v2\/media?parent=12260"}],"wp:term":[{"taxonomy":"product_brand","embeddable":true,"href":"https:\/\/esentialaroms.com\/fr\/wp-json\/wp\/v2\/product_brand?post=12260"},{"taxonomy":"product_cat","embeddable":true,"href":"https:\/\/esentialaroms.com\/fr\/wp-json\/wp\/v2\/product_cat?post=12260"},{"taxonomy":"product_tag","embeddable":true,"href":"https:\/\/esentialaroms.com\/fr\/wp-json\/wp\/v2\/product_tag?post=12260"}],"curies":[{"name":"wp","href":"https:\/\/api.w.org\/{rel}","templated":true}]}}