{"id":12243,"date":"2026-05-07T12:56:18","date_gmt":"2026-05-07T10:56:18","guid":{"rendered":"https:\/\/esentialaroms.com\/productos\/crema-de-dia-argan-2\/"},"modified":"2026-05-07T14:22:05","modified_gmt":"2026-05-07T12:22:05","slug":"crema-de-dia-argan-2","status":"publish","type":"product","link":"https:\/\/esentialaroms.com\/fr\/productos\/crema-de-dia-argan-2\/","title":{"rendered":"CR\u00c8ME DE JOUR Argan"},"content":{"rendered":"<div>Cr\u00e8me de jour \u00e0 l&rsquo;argan et \u00e0 l&rsquo;acide hyaluronique v\u00e9g\u00e9tal. Pour peaux s\u00e8ches. &nbsp;<\/div>\n<div>Nutrition en profondeur. Action protectrice anti-taches. Soin anti-photo-vieillissement UV. &nbsp;<\/div>\n","protected":false},"excerpt":{"rendered":"<div>Cette cr\u00e8me est tr\u00e8s riche en phyto-actifs (huiles v\u00e9g\u00e9tales vierges et huiles essentielles). Sp\u00e9cialement formul\u00e9e pour r\u00e9g\u00e9n\u00e9rer, nourrir, hydrater correctement la peau et exercer un effet antirides. Sa formulation, certifi\u00e9 naturelle, respecte totalement les fonctions de la peau. &nbsp;<\/div>\n","protected":false},"featured_media":12244,"comment_status":"open","ping_status":"closed","template":"","meta":{"_acf_changed":false,"rs_blank_template":"","rs_page_bg_color":"","slide_template_v7":""},"product_brand":[],"product_cat":[325,340,555,322,361,355],"product_tag":[],"class_list":{"0":"post-12243","1":"product","2":"type-product","3":"status-publish","4":"has-post-thumbnail","6":"product_cat-argan","7":"product_cat-besoins","8":"product_cat-best-sellers","9":"product_cat-familles","10":"product_cat-type-de-peau","11":"product_cat-visage","13":"first","14":"instock","15":"shipping-taxable","16":"purchasable","17":"product-type-simple"},"acf":[],"_links":{"self":[{"href":"https:\/\/esentialaroms.com\/fr\/wp-json\/wp\/v2\/product\/12243","targetHints":{"allow":["GET"]}}],"collection":[{"href":"https:\/\/esentialaroms.com\/fr\/wp-json\/wp\/v2\/product"}],"about":[{"href":"https:\/\/esentialaroms.com\/fr\/wp-json\/wp\/v2\/types\/product"}],"replies":[{"embeddable":true,"href":"https:\/\/esentialaroms.com\/fr\/wp-json\/wp\/v2\/comments?post=12243"}],"version-history":[{"count":1,"href":"https:\/\/esentialaroms.com\/fr\/wp-json\/wp\/v2\/product\/12243\/revisions"}],"predecessor-version":[{"id":12247,"href":"https:\/\/esentialaroms.com\/fr\/wp-json\/wp\/v2\/product\/12243\/revisions\/12247"}],"wp:featuredmedia":[{"embeddable":true,"href":"https:\/\/esentialaroms.com\/fr\/wp-json\/wp\/v2\/media\/12244"}],"wp:attachment":[{"href":"https:\/\/esentialaroms.com\/fr\/wp-json\/wp\/v2\/media?parent=12243"}],"wp:term":[{"taxonomy":"product_brand","embeddable":true,"href":"https:\/\/esentialaroms.com\/fr\/wp-json\/wp\/v2\/product_brand?post=12243"},{"taxonomy":"product_cat","embeddable":true,"href":"https:\/\/esentialaroms.com\/fr\/wp-json\/wp\/v2\/product_cat?post=12243"},{"taxonomy":"product_tag","embeddable":true,"href":"https:\/\/esentialaroms.com\/fr\/wp-json\/wp\/v2\/product_tag?post=12243"}],"curies":[{"name":"wp","href":"https:\/\/api.w.org\/{rel}","templated":true}]}}