{"id":12228,"date":"2026-05-07T12:56:12","date_gmt":"2026-05-07T10:56:12","guid":{"rendered":"https:\/\/esentialaroms.com\/productos\/serum-facial-argan-2\/"},"modified":"2026-05-07T14:22:04","modified_gmt":"2026-05-07T12:22:04","slug":"serum-facial-argan-2","status":"publish","type":"product","link":"https:\/\/esentialaroms.com\/fr\/productos\/serum-facial-argan-2\/","title":{"rendered":"S\u00c9RUM VISAGE Argan"},"content":{"rendered":"","protected":false},"excerpt":{"rendered":"<div>S\u00e9rum naturel contenant des huiles essentielles r\u00e9g\u00e9n\u00e9ratrices qui aident \u00e0 lutter contre les effets du temps. &nbsp;<\/div>\n","protected":false},"featured_media":12229,"comment_status":"open","ping_status":"closed","template":"","meta":{"_acf_changed":false,"rs_blank_template":"","rs_page_bg_color":"","slide_template_v7":""},"product_brand":[],"product_cat":[325,340,322,329,361,355],"product_tag":[],"class_list":{"0":"post-12228","1":"product","2":"type-product","3":"status-publish","4":"has-post-thumbnail","6":"product_cat-argan","7":"product_cat-besoins","8":"product_cat-familles","9":"product_cat-phytoserum","10":"product_cat-type-de-peau","11":"product_cat-visage","13":"first","14":"instock","15":"shipping-taxable","16":"purchasable","17":"product-type-simple"},"acf":[],"_links":{"self":[{"href":"https:\/\/esentialaroms.com\/fr\/wp-json\/wp\/v2\/product\/12228","targetHints":{"allow":["GET"]}}],"collection":[{"href":"https:\/\/esentialaroms.com\/fr\/wp-json\/wp\/v2\/product"}],"about":[{"href":"https:\/\/esentialaroms.com\/fr\/wp-json\/wp\/v2\/types\/product"}],"replies":[{"embeddable":true,"href":"https:\/\/esentialaroms.com\/fr\/wp-json\/wp\/v2\/comments?post=12228"}],"version-history":[{"count":1,"href":"https:\/\/esentialaroms.com\/fr\/wp-json\/wp\/v2\/product\/12228\/revisions"}],"predecessor-version":[{"id":12230,"href":"https:\/\/esentialaroms.com\/fr\/wp-json\/wp\/v2\/product\/12228\/revisions\/12230"}],"wp:featuredmedia":[{"embeddable":true,"href":"https:\/\/esentialaroms.com\/fr\/wp-json\/wp\/v2\/media\/12229"}],"wp:attachment":[{"href":"https:\/\/esentialaroms.com\/fr\/wp-json\/wp\/v2\/media?parent=12228"}],"wp:term":[{"taxonomy":"product_brand","embeddable":true,"href":"https:\/\/esentialaroms.com\/fr\/wp-json\/wp\/v2\/product_brand?post=12228"},{"taxonomy":"product_cat","embeddable":true,"href":"https:\/\/esentialaroms.com\/fr\/wp-json\/wp\/v2\/product_cat?post=12228"},{"taxonomy":"product_tag","embeddable":true,"href":"https:\/\/esentialaroms.com\/fr\/wp-json\/wp\/v2\/product_tag?post=12228"}],"curies":[{"name":"wp","href":"https:\/\/api.w.org\/{rel}","templated":true}]}}