{"id":12215,"date":"2026-05-07T12:56:09","date_gmt":"2026-05-07T10:56:09","guid":{"rendered":"https:\/\/esentialaroms.com\/productos\/aceite-de-masaje-corporal-argan-2\/"},"modified":"2026-05-07T14:22:04","modified_gmt":"2026-05-07T12:22:04","slug":"aceite-de-masaje-corporal-argan-2","status":"publish","type":"product","link":"https:\/\/esentialaroms.com\/fr\/productos\/aceite-de-masaje-corporal-argan-2\/","title":{"rendered":"HUILE DE MASSAGE CORPOREL Argan"},"content":{"rendered":"","protected":false},"excerpt":{"rendered":"<div>Huile corporelle aux huiles essentielles r\u00e9g\u00e9n\u00e9ratrices qui aident \u00e0 lutter contre les effets du temps. Avec argan, noyau d\u2019abricot, santal &amp; ylang-ylang. Naturelle avec des ingr\u00e9dients biologiques. &nbsp;<\/div>\n","protected":false},"featured_media":12216,"comment_status":"open","ping_status":"closed","template":"","meta":{"_acf_changed":false,"rs_blank_template":"","rs_page_bg_color":"","slide_template_v7":""},"product_brand":[],"product_cat":[524,325,340,322,367,539,364,503,506,355],"product_tag":[],"class_list":{"0":"post-12215","1":"product","2":"type-product","3":"status-publish","4":"has-post-thumbnail","6":"product_cat-anti-age","7":"product_cat-argan","8":"product_cat-besoins","9":"product_cat-familles","10":"product_cat-massage-anti-stress-et-anti-fatigue","11":"product_cat-massage-pour-adultes","12":"product_cat-massages-therapeutiques","13":"product_cat-physique","14":"product_cat-soins-corporels","15":"product_cat-visage","17":"first","18":"instock","19":"shipping-taxable","20":"purchasable","21":"product-type-simple"},"acf":[],"_links":{"self":[{"href":"https:\/\/esentialaroms.com\/fr\/wp-json\/wp\/v2\/product\/12215","targetHints":{"allow":["GET"]}}],"collection":[{"href":"https:\/\/esentialaroms.com\/fr\/wp-json\/wp\/v2\/product"}],"about":[{"href":"https:\/\/esentialaroms.com\/fr\/wp-json\/wp\/v2\/types\/product"}],"replies":[{"embeddable":true,"href":"https:\/\/esentialaroms.com\/fr\/wp-json\/wp\/v2\/comments?post=12215"}],"version-history":[{"count":1,"href":"https:\/\/esentialaroms.com\/fr\/wp-json\/wp\/v2\/product\/12215\/revisions"}],"predecessor-version":[{"id":12218,"href":"https:\/\/esentialaroms.com\/fr\/wp-json\/wp\/v2\/product\/12215\/revisions\/12218"}],"wp:featuredmedia":[{"embeddable":true,"href":"https:\/\/esentialaroms.com\/fr\/wp-json\/wp\/v2\/media\/12216"}],"wp:attachment":[{"href":"https:\/\/esentialaroms.com\/fr\/wp-json\/wp\/v2\/media?parent=12215"}],"wp:term":[{"taxonomy":"product_brand","embeddable":true,"href":"https:\/\/esentialaroms.com\/fr\/wp-json\/wp\/v2\/product_brand?post=12215"},{"taxonomy":"product_cat","embeddable":true,"href":"https:\/\/esentialaroms.com\/fr\/wp-json\/wp\/v2\/product_cat?post=12215"},{"taxonomy":"product_tag","embeddable":true,"href":"https:\/\/esentialaroms.com\/fr\/wp-json\/wp\/v2\/product_tag?post=12215"}],"curies":[{"name":"wp","href":"https:\/\/api.w.org\/{rel}","templated":true}]}}