{"id":12200,"date":"2026-05-07T12:56:01","date_gmt":"2026-05-07T10:56:01","guid":{"rendered":"https:\/\/esentialaroms.com\/productos\/lycorose-100-ml-2\/"},"modified":"2026-05-07T14:22:03","modified_gmt":"2026-05-07T12:22:03","slug":"lycorose-100-ml-2","status":"publish","type":"product","link":"https:\/\/esentialaroms.com\/fr\/productos\/lycorose-100-ml-2\/","title":{"rendered":"LYCOROSE 100 ml"},"content":{"rendered":"<div>Source de LYCOP\u00c8NE. Om\u00e9ga 3 et 9. &nbsp;<\/div>\n","protected":false},"excerpt":{"rendered":"<div>Compl\u00e9ment alimentaire \u00e0 base de rose musqu\u00e9e, s\u00e9lection. &nbsp;<\/div>\n<div>Huile v\u00e9g\u00e9tale vierge de premi\u00e8re pression \u00e0 froid obtenue gr\u00e2ce \u00e0 des processus m\u00e9caniques \u00e0 partir des fruits plus rouges s\u00e9lectionn\u00e9s, puisque sa concentration en LYCOP\u00c8NE est 8 fois sup\u00e9rieure \u00e0 celle de la teneur en huile conventionnelle. &nbsp;<\/div>\n","protected":false},"featured_media":12201,"comment_status":"open","ping_status":"closed","template":"","meta":{"_acf_changed":false,"rs_blank_template":"","rs_page_bg_color":"","slide_template_v7":""},"product_brand":[],"product_cat":[524,340,322,527,470,355],"product_tag":[],"class_list":{"0":"post-12200","1":"product","2":"type-product","3":"status-publish","4":"has-post-thumbnail","6":"product_cat-anti-age","7":"product_cat-besoins","8":"product_cat-familles","9":"product_cat-la-beaute-de-linterieur","10":"product_cat-lycorose","11":"product_cat-visage","13":"first","14":"instock","15":"shipping-taxable","16":"purchasable","17":"product-type-simple"},"acf":[],"_links":{"self":[{"href":"https:\/\/esentialaroms.com\/fr\/wp-json\/wp\/v2\/product\/12200","targetHints":{"allow":["GET"]}}],"collection":[{"href":"https:\/\/esentialaroms.com\/fr\/wp-json\/wp\/v2\/product"}],"about":[{"href":"https:\/\/esentialaroms.com\/fr\/wp-json\/wp\/v2\/types\/product"}],"replies":[{"embeddable":true,"href":"https:\/\/esentialaroms.com\/fr\/wp-json\/wp\/v2\/comments?post=12200"}],"version-history":[{"count":1,"href":"https:\/\/esentialaroms.com\/fr\/wp-json\/wp\/v2\/product\/12200\/revisions"}],"predecessor-version":[{"id":12203,"href":"https:\/\/esentialaroms.com\/fr\/wp-json\/wp\/v2\/product\/12200\/revisions\/12203"}],"wp:featuredmedia":[{"embeddable":true,"href":"https:\/\/esentialaroms.com\/fr\/wp-json\/wp\/v2\/media\/12201"}],"wp:attachment":[{"href":"https:\/\/esentialaroms.com\/fr\/wp-json\/wp\/v2\/media?parent=12200"}],"wp:term":[{"taxonomy":"product_brand","embeddable":true,"href":"https:\/\/esentialaroms.com\/fr\/wp-json\/wp\/v2\/product_brand?post=12200"},{"taxonomy":"product_cat","embeddable":true,"href":"https:\/\/esentialaroms.com\/fr\/wp-json\/wp\/v2\/product_cat?post=12200"},{"taxonomy":"product_tag","embeddable":true,"href":"https:\/\/esentialaroms.com\/fr\/wp-json\/wp\/v2\/product_tag?post=12200"}],"curies":[{"name":"wp","href":"https:\/\/api.w.org\/{rel}","templated":true}]}}