{"id":12185,"date":"2026-05-07T12:55:56","date_gmt":"2026-05-07T10:55:56","guid":{"rendered":"https:\/\/esentialaroms.com\/productos\/aceite-vegetal-virgen-de-rosa-mosqueta-bio-50-ml-2\/"},"modified":"2026-05-07T14:22:03","modified_gmt":"2026-05-07T12:22:03","slug":"aceite-vegetal-virgen-de-rosa-mosqueta-bio-50-ml-2","status":"publish","type":"product","link":"https:\/\/esentialaroms.com\/fr\/productos\/aceite-vegetal-virgen-de-rosa-mosqueta-bio-50-ml-2\/","title":{"rendered":"HUILE V\u00c9G\u00c9TALE VIERGE Rose musqu\u00e9e BIO 100 ml"},"content":{"rendered":"","protected":false},"excerpt":{"rendered":"<div>Huile v\u00e9g\u00e9tale obtenue par premi\u00e8re pression \u00e0 froid de fruits r\u00e9colt\u00e9s \u00e0 l&rsquo;\u00e9tat sauvage, consid\u00e9r\u00e9e comme \u00e9tant de la plus haute qualit\u00e9. &nbsp;<\/div>\n","protected":false},"featured_media":12186,"comment_status":"open","ping_status":"closed","template":"","meta":{"_acf_changed":false,"rs_blank_template":"","rs_page_bg_color":"","slide_template_v7":""},"product_brand":[],"product_cat":[307,485,322,310],"product_tag":[],"class_list":{"0":"post-12185","1":"product","2":"type-product","3":"status-publish","4":"has-post-thumbnail","6":"product_cat-aromatherapie","7":"product_cat-cynorrhodon","8":"product_cat-familles","9":"product_cat-huiles-vegetales","11":"first","12":"instock","13":"shipping-taxable","14":"purchasable","15":"product-type-simple"},"acf":[],"_links":{"self":[{"href":"https:\/\/esentialaroms.com\/fr\/wp-json\/wp\/v2\/product\/12185","targetHints":{"allow":["GET"]}}],"collection":[{"href":"https:\/\/esentialaroms.com\/fr\/wp-json\/wp\/v2\/product"}],"about":[{"href":"https:\/\/esentialaroms.com\/fr\/wp-json\/wp\/v2\/types\/product"}],"replies":[{"embeddable":true,"href":"https:\/\/esentialaroms.com\/fr\/wp-json\/wp\/v2\/comments?post=12185"}],"version-history":[{"count":1,"href":"https:\/\/esentialaroms.com\/fr\/wp-json\/wp\/v2\/product\/12185\/revisions"}],"predecessor-version":[{"id":12188,"href":"https:\/\/esentialaroms.com\/fr\/wp-json\/wp\/v2\/product\/12185\/revisions\/12188"}],"wp:featuredmedia":[{"embeddable":true,"href":"https:\/\/esentialaroms.com\/fr\/wp-json\/wp\/v2\/media\/12186"}],"wp:attachment":[{"href":"https:\/\/esentialaroms.com\/fr\/wp-json\/wp\/v2\/media?parent=12185"}],"wp:term":[{"taxonomy":"product_brand","embeddable":true,"href":"https:\/\/esentialaroms.com\/fr\/wp-json\/wp\/v2\/product_brand?post=12185"},{"taxonomy":"product_cat","embeddable":true,"href":"https:\/\/esentialaroms.com\/fr\/wp-json\/wp\/v2\/product_cat?post=12185"},{"taxonomy":"product_tag","embeddable":true,"href":"https:\/\/esentialaroms.com\/fr\/wp-json\/wp\/v2\/product_tag?post=12185"}],"curies":[{"name":"wp","href":"https:\/\/api.w.org\/{rel}","templated":true}]}}