{"id":12140,"date":"2026-05-07T12:55:46","date_gmt":"2026-05-07T10:55:46","guid":{"rendered":"https:\/\/esentialaroms.com\/productos\/aceite-vegetal-virgen-de-perilla-bio-100-ml-2\/"},"modified":"2026-05-07T14:22:01","modified_gmt":"2026-05-07T12:22:01","slug":"aceite-vegetal-virgen-de-perilla-bio-100-ml-2","status":"publish","type":"product","link":"https:\/\/esentialaroms.com\/fr\/productos\/aceite-vegetal-virgen-de-perilla-bio-100-ml-2\/","title":{"rendered":"HUILE V\u00c9G\u00c9TALE VIERGE DE PERILLA BIO 100 ml"},"content":{"rendered":"<div>Compl\u00e9ment alimentaire \u00e0 base d\u2019huile vierge de p\u00e9rilla. Source de O-3 v\u00e9g\u00e9tale. &nbsp;<\/div>\n","protected":false},"excerpt":{"rendered":"<div>Compl\u00e9ment alimentaire \u00e0 base d\u2019huile v\u00e9g\u00e9tale vierge de p\u00e9rilla de premi\u00e8re pression \u00e0 froid, source naturelle d\u2019acides gras insatur\u00e9s, notamment d\u2019om\u00e9ga 3 d\u2019origine v\u00e9g\u00e9tale, pour compl\u00e9ter l\u2019alimentation quotidienne. &nbsp;<\/div>\n","protected":false},"featured_media":12141,"comment_status":"open","ping_status":"closed","template":"","meta":{"_acf_changed":false,"rs_blank_template":"","rs_page_bg_color":"","slide_template_v7":""},"product_brand":[],"product_cat":[307,310],"product_tag":[],"class_list":{"0":"post-12140","1":"product","2":"type-product","3":"status-publish","4":"has-post-thumbnail","6":"product_cat-aromatherapie","7":"product_cat-huiles-vegetales","9":"first","10":"instock","11":"shipping-taxable","12":"purchasable","13":"product-type-simple"},"acf":[],"_links":{"self":[{"href":"https:\/\/esentialaroms.com\/fr\/wp-json\/wp\/v2\/product\/12140","targetHints":{"allow":["GET"]}}],"collection":[{"href":"https:\/\/esentialaroms.com\/fr\/wp-json\/wp\/v2\/product"}],"about":[{"href":"https:\/\/esentialaroms.com\/fr\/wp-json\/wp\/v2\/types\/product"}],"replies":[{"embeddable":true,"href":"https:\/\/esentialaroms.com\/fr\/wp-json\/wp\/v2\/comments?post=12140"}],"version-history":[{"count":1,"href":"https:\/\/esentialaroms.com\/fr\/wp-json\/wp\/v2\/product\/12140\/revisions"}],"predecessor-version":[{"id":12143,"href":"https:\/\/esentialaroms.com\/fr\/wp-json\/wp\/v2\/product\/12140\/revisions\/12143"}],"wp:featuredmedia":[{"embeddable":true,"href":"https:\/\/esentialaroms.com\/fr\/wp-json\/wp\/v2\/media\/12141"}],"wp:attachment":[{"href":"https:\/\/esentialaroms.com\/fr\/wp-json\/wp\/v2\/media?parent=12140"}],"wp:term":[{"taxonomy":"product_brand","embeddable":true,"href":"https:\/\/esentialaroms.com\/fr\/wp-json\/wp\/v2\/product_brand?post=12140"},{"taxonomy":"product_cat","embeddable":true,"href":"https:\/\/esentialaroms.com\/fr\/wp-json\/wp\/v2\/product_cat?post=12140"},{"taxonomy":"product_tag","embeddable":true,"href":"https:\/\/esentialaroms.com\/fr\/wp-json\/wp\/v2\/product_tag?post=12140"}],"curies":[{"name":"wp","href":"https:\/\/api.w.org\/{rel}","templated":true}]}}