{"id":12046,"date":"2026-05-07T12:55:22","date_gmt":"2026-05-07T10:55:22","guid":{"rendered":"https:\/\/esentialaroms.com\/productos\/aceite-vegetal-virgen-de-jojoba-simmondsia-chinensis-100-ml-2\/"},"modified":"2026-05-07T14:21:59","modified_gmt":"2026-05-07T12:21:59","slug":"aceite-vegetal-virgen-de-jojoba-simmondsia-chinensis-100-ml-2","status":"publish","type":"product","link":"https:\/\/esentialaroms.com\/fr\/productos\/aceite-vegetal-virgen-de-jojoba-simmondsia-chinensis-100-ml-2\/","title":{"rendered":"Huile v\u00e9g\u00e9tale vierge de JOJOBA (Simmondsia chinensis) 100 ml"},"content":{"rendered":"","protected":false},"excerpt":{"rendered":"<div>Pour tous types de peau. Ad\u00e9quat pour la peau grasse et la peau avec de l\u2019acn\u00e9. Hydrate et nourrit les peaux les plus s\u00e8ches, ayant perdu leur film hydrolipidique, en apportant des c\u00e9ramides v\u00e9g\u00e9tales, qui l\u2019aident \u00e0 retrouver sa densit\u00e9 et \u00e0 lutter contre la s\u00e8cheresse cutan\u00e9e. Peut s\u2019utiliser pour le soin de zones particuli\u00e8rement s\u00e8ches : talons, coudes, etc. &nbsp;<\/div>\n","protected":false},"featured_media":12047,"comment_status":"open","ping_status":"closed","template":"","meta":{"_acf_changed":false,"rs_blank_template":"","rs_page_bg_color":"","slide_template_v7":""},"product_brand":[],"product_cat":[307,340,494,497,310],"product_tag":[],"class_list":{"0":"post-12046","1":"product","2":"type-product","3":"status-publish","4":"has-post-thumbnail","6":"product_cat-aromatherapie","7":"product_cat-besoins","8":"product_cat-capillaire","9":"product_cat-cheveux-et-cuir-chevelu","10":"product_cat-huiles-vegetales","12":"first","13":"instock","14":"shipping-taxable","15":"purchasable","16":"product-type-simple"},"acf":[],"_links":{"self":[{"href":"https:\/\/esentialaroms.com\/fr\/wp-json\/wp\/v2\/product\/12046","targetHints":{"allow":["GET"]}}],"collection":[{"href":"https:\/\/esentialaroms.com\/fr\/wp-json\/wp\/v2\/product"}],"about":[{"href":"https:\/\/esentialaroms.com\/fr\/wp-json\/wp\/v2\/types\/product"}],"replies":[{"embeddable":true,"href":"https:\/\/esentialaroms.com\/fr\/wp-json\/wp\/v2\/comments?post=12046"}],"version-history":[{"count":1,"href":"https:\/\/esentialaroms.com\/fr\/wp-json\/wp\/v2\/product\/12046\/revisions"}],"predecessor-version":[{"id":12049,"href":"https:\/\/esentialaroms.com\/fr\/wp-json\/wp\/v2\/product\/12046\/revisions\/12049"}],"wp:featuredmedia":[{"embeddable":true,"href":"https:\/\/esentialaroms.com\/fr\/wp-json\/wp\/v2\/media\/12047"}],"wp:attachment":[{"href":"https:\/\/esentialaroms.com\/fr\/wp-json\/wp\/v2\/media?parent=12046"}],"wp:term":[{"taxonomy":"product_brand","embeddable":true,"href":"https:\/\/esentialaroms.com\/fr\/wp-json\/wp\/v2\/product_brand?post=12046"},{"taxonomy":"product_cat","embeddable":true,"href":"https:\/\/esentialaroms.com\/fr\/wp-json\/wp\/v2\/product_cat?post=12046"},{"taxonomy":"product_tag","embeddable":true,"href":"https:\/\/esentialaroms.com\/fr\/wp-json\/wp\/v2\/product_tag?post=12046"}],"curies":[{"name":"wp","href":"https:\/\/api.w.org\/{rel}","templated":true}]}}