{"id":11952,"date":"2026-05-07T12:47:06","date_gmt":"2026-05-07T10:47:06","guid":{"rendered":"https:\/\/esentialaroms.com\/productos\/aceite-vegetal-virgen-de-aguacate-persea-gratissima-100-ml-2\/"},"modified":"2026-05-07T14:21:57","modified_gmt":"2026-05-07T12:21:57","slug":"aceite-vegetal-virgen-de-aguacate-persea-gratissima-100-ml-2","status":"publish","type":"product","link":"https:\/\/esentialaroms.com\/fr\/productos\/aceite-vegetal-virgen-de-aguacate-persea-gratissima-100-ml-2\/","title":{"rendered":"Huile v\u00e9g\u00e9tale vierge D&rsquo;AVOCAT (Persea gratissima) 100 ml"},"content":{"rendered":"","protected":false},"excerpt":{"rendered":"<div>Il r\u00e9duit les pertes en eau et apaise la peau et pr\u00e9vient ainsi la d\u00e9shydratation et la desquamation. Favorise la production de collag\u00e8ne. id\u00e9al pour nourrir la peau et soigner les cuticules des ongles et les zones les plus s\u00e8ches de la peau (pieds, talons, coudes&#8230;). &nbsp;<\/div>\n","protected":false},"featured_media":11953,"comment_status":"open","ping_status":"closed","template":"","meta":{"_acf_changed":false,"rs_blank_template":"","rs_page_bg_color":"","slide_template_v7":""},"product_brand":[],"product_cat":[307,310],"product_tag":[],"class_list":{"0":"post-11952","1":"product","2":"type-product","3":"status-publish","4":"has-post-thumbnail","6":"product_cat-aromatherapie","7":"product_cat-huiles-vegetales","9":"first","10":"instock","11":"shipping-taxable","12":"purchasable","13":"product-type-simple"},"acf":[],"_links":{"self":[{"href":"https:\/\/esentialaroms.com\/fr\/wp-json\/wp\/v2\/product\/11952","targetHints":{"allow":["GET"]}}],"collection":[{"href":"https:\/\/esentialaroms.com\/fr\/wp-json\/wp\/v2\/product"}],"about":[{"href":"https:\/\/esentialaroms.com\/fr\/wp-json\/wp\/v2\/types\/product"}],"replies":[{"embeddable":true,"href":"https:\/\/esentialaroms.com\/fr\/wp-json\/wp\/v2\/comments?post=11952"}],"version-history":[{"count":1,"href":"https:\/\/esentialaroms.com\/fr\/wp-json\/wp\/v2\/product\/11952\/revisions"}],"predecessor-version":[{"id":11955,"href":"https:\/\/esentialaroms.com\/fr\/wp-json\/wp\/v2\/product\/11952\/revisions\/11955"}],"wp:featuredmedia":[{"embeddable":true,"href":"https:\/\/esentialaroms.com\/fr\/wp-json\/wp\/v2\/media\/11953"}],"wp:attachment":[{"href":"https:\/\/esentialaroms.com\/fr\/wp-json\/wp\/v2\/media?parent=11952"}],"wp:term":[{"taxonomy":"product_brand","embeddable":true,"href":"https:\/\/esentialaroms.com\/fr\/wp-json\/wp\/v2\/product_brand?post=11952"},{"taxonomy":"product_cat","embeddable":true,"href":"https:\/\/esentialaroms.com\/fr\/wp-json\/wp\/v2\/product_cat?post=11952"},{"taxonomy":"product_tag","embeddable":true,"href":"https:\/\/esentialaroms.com\/fr\/wp-json\/wp\/v2\/product_tag?post=11952"}],"curies":[{"name":"wp","href":"https:\/\/api.w.org\/{rel}","templated":true}]}}