{"id":11937,"date":"2026-05-07T12:47:02","date_gmt":"2026-05-07T10:47:02","guid":{"rendered":"https:\/\/esentialaroms.com\/productos\/aceite-vegetal-virgen-de-avellana-corylus-avellana-100-ml-2\/"},"modified":"2026-05-07T14:21:57","modified_gmt":"2026-05-07T12:21:57","slug":"aceite-vegetal-virgen-de-avellana-corylus-avellana-100-ml-2","status":"publish","type":"product","link":"https:\/\/esentialaroms.com\/fr\/productos\/aceite-vegetal-virgen-de-avellana-corylus-avellana-100-ml-2\/","title":{"rendered":"Huile v\u00e9g\u00e9tale vierge de NOISETTE (Corylus avellana) 100 ml"},"content":{"rendered":"","protected":false},"excerpt":{"rendered":"<div>Raffermissant et hydratant sp\u00e9cial pour les peaux rel\u00e2ch\u00e9es. Antioxydant vitamin\u00e9 qui retarde le vieillissement cutan\u00e9. Int\u00e9r\u00eat nutritionnel gr\u00e2ce \u00e0 son apport en acides gras O-6 et O-9. &nbsp;<\/div>\n","protected":false},"featured_media":11938,"comment_status":"open","ping_status":"closed","template":"","meta":{"_acf_changed":false,"rs_blank_template":"","rs_page_bg_color":"","slide_template_v7":""},"product_brand":[],"product_cat":[307,340,310,539,542,364,361,355],"product_tag":[],"class_list":{"0":"post-11937","1":"product","2":"type-product","3":"status-publish","4":"has-post-thumbnail","6":"product_cat-aromatherapie","7":"product_cat-besoins","8":"product_cat-huiles-vegetales","9":"product_cat-massage-pour-adultes","10":"product_cat-massage-pour-nourrissons","11":"product_cat-massages-therapeutiques","12":"product_cat-type-de-peau","13":"product_cat-visage","15":"first","16":"instock","17":"shipping-taxable","18":"purchasable","19":"product-type-simple"},"acf":[],"_links":{"self":[{"href":"https:\/\/esentialaroms.com\/fr\/wp-json\/wp\/v2\/product\/11937","targetHints":{"allow":["GET"]}}],"collection":[{"href":"https:\/\/esentialaroms.com\/fr\/wp-json\/wp\/v2\/product"}],"about":[{"href":"https:\/\/esentialaroms.com\/fr\/wp-json\/wp\/v2\/types\/product"}],"replies":[{"embeddable":true,"href":"https:\/\/esentialaroms.com\/fr\/wp-json\/wp\/v2\/comments?post=11937"}],"version-history":[{"count":1,"href":"https:\/\/esentialaroms.com\/fr\/wp-json\/wp\/v2\/product\/11937\/revisions"}],"predecessor-version":[{"id":11940,"href":"https:\/\/esentialaroms.com\/fr\/wp-json\/wp\/v2\/product\/11937\/revisions\/11940"}],"wp:featuredmedia":[{"embeddable":true,"href":"https:\/\/esentialaroms.com\/fr\/wp-json\/wp\/v2\/media\/11938"}],"wp:attachment":[{"href":"https:\/\/esentialaroms.com\/fr\/wp-json\/wp\/v2\/media?parent=11937"}],"wp:term":[{"taxonomy":"product_brand","embeddable":true,"href":"https:\/\/esentialaroms.com\/fr\/wp-json\/wp\/v2\/product_brand?post=11937"},{"taxonomy":"product_cat","embeddable":true,"href":"https:\/\/esentialaroms.com\/fr\/wp-json\/wp\/v2\/product_cat?post=11937"},{"taxonomy":"product_tag","embeddable":true,"href":"https:\/\/esentialaroms.com\/fr\/wp-json\/wp\/v2\/product_tag?post=11937"}],"curies":[{"name":"wp","href":"https:\/\/api.w.org\/{rel}","templated":true}]}}