{"id":11907,"date":"2026-05-07T12:46:54","date_gmt":"2026-05-07T10:46:54","guid":{"rendered":"https:\/\/esentialaroms.com\/productos\/aceite-vegetal-virgen-de-nuez-de-coco-cocos-nucifera-bio-100-ml-2\/"},"modified":"2026-05-07T14:21:56","modified_gmt":"2026-05-07T12:21:56","slug":"aceite-vegetal-virgen-de-nuez-de-coco-cocos-nucifera-bio-100-ml-2","status":"publish","type":"product","link":"https:\/\/esentialaroms.com\/fr\/productos\/aceite-vegetal-virgen-de-nuez-de-coco-cocos-nucifera-bio-100-ml-2\/","title":{"rendered":"Huile v\u00e9g\u00e9tale vierge de NOIX DE COCO (Cocos nucifera) BIO 100 ml"},"content":{"rendered":"","protected":false},"excerpt":{"rendered":"<div>L&rsquo;huile de noix de coco est tr\u00e8s riche en acides gras \u00e0 cha\u00eene moyenne (65 %) : acide capro\u00efque, caprylique, caprique et laurique. &nbsp;<\/div>\n","protected":false},"featured_media":11908,"comment_status":"open","ping_status":"closed","template":"","meta":{"_acf_changed":false,"rs_blank_template":"","rs_page_bg_color":"","slide_template_v7":""},"product_brand":[],"product_cat":[307,310],"product_tag":[],"class_list":{"0":"post-11907","1":"product","2":"type-product","3":"status-publish","4":"has-post-thumbnail","6":"product_cat-aromatherapie","7":"product_cat-huiles-vegetales","9":"first","10":"instock","11":"shipping-taxable","12":"purchasable","13":"product-type-simple"},"acf":[],"_links":{"self":[{"href":"https:\/\/esentialaroms.com\/fr\/wp-json\/wp\/v2\/product\/11907","targetHints":{"allow":["GET"]}}],"collection":[{"href":"https:\/\/esentialaroms.com\/fr\/wp-json\/wp\/v2\/product"}],"about":[{"href":"https:\/\/esentialaroms.com\/fr\/wp-json\/wp\/v2\/types\/product"}],"replies":[{"embeddable":true,"href":"https:\/\/esentialaroms.com\/fr\/wp-json\/wp\/v2\/comments?post=11907"}],"version-history":[{"count":1,"href":"https:\/\/esentialaroms.com\/fr\/wp-json\/wp\/v2\/product\/11907\/revisions"}],"predecessor-version":[{"id":11910,"href":"https:\/\/esentialaroms.com\/fr\/wp-json\/wp\/v2\/product\/11907\/revisions\/11910"}],"wp:featuredmedia":[{"embeddable":true,"href":"https:\/\/esentialaroms.com\/fr\/wp-json\/wp\/v2\/media\/11908"}],"wp:attachment":[{"href":"https:\/\/esentialaroms.com\/fr\/wp-json\/wp\/v2\/media?parent=11907"}],"wp:term":[{"taxonomy":"product_brand","embeddable":true,"href":"https:\/\/esentialaroms.com\/fr\/wp-json\/wp\/v2\/product_brand?post=11907"},{"taxonomy":"product_cat","embeddable":true,"href":"https:\/\/esentialaroms.com\/fr\/wp-json\/wp\/v2\/product_cat?post=11907"},{"taxonomy":"product_tag","embeddable":true,"href":"https:\/\/esentialaroms.com\/fr\/wp-json\/wp\/v2\/product_tag?post=11907"}],"curies":[{"name":"wp","href":"https:\/\/api.w.org\/{rel}","templated":true}]}}