{"id":11894,"date":"2026-05-07T12:46:52","date_gmt":"2026-05-07T10:46:52","guid":{"rendered":"https:\/\/esentialaroms.com\/productos\/aceite-vegetal-virgen-de-lino-linum-usitatissimum-bio-250-ml-2\/"},"modified":"2026-05-07T14:21:56","modified_gmt":"2026-05-07T12:21:56","slug":"aceite-vegetal-virgen-de-lino-linum-usitatissimum-bio-250-ml-2","status":"publish","type":"product","link":"https:\/\/esentialaroms.com\/fr\/productos\/aceite-vegetal-virgen-de-lino-linum-usitatissimum-bio-250-ml-2\/","title":{"rendered":"Huile v\u00e9g\u00e9tale vierge de LIN (Linum usitatissimum) BIO 250 ml"},"content":{"rendered":"","protected":false},"excerpt":{"rendered":"<div>Ses graines permettent d&rsquo;obtenir une huile tr\u00e8s pris\u00e9e en raison de sa teneur \u00e9lev\u00e9e en O3 (50-60 %). &nbsp;<\/div>\n","protected":false},"featured_media":11895,"comment_status":"open","ping_status":"closed","template":"","meta":{"_acf_changed":false,"rs_blank_template":"","rs_page_bg_color":"","slide_template_v7":""},"product_brand":[],"product_cat":[307,310],"product_tag":[],"class_list":{"0":"post-11894","1":"product","2":"type-product","3":"status-publish","4":"has-post-thumbnail","6":"product_cat-aromatherapie","7":"product_cat-huiles-vegetales","9":"first","10":"instock","11":"shipping-taxable","12":"purchasable","13":"product-type-simple"},"acf":[],"_links":{"self":[{"href":"https:\/\/esentialaroms.com\/fr\/wp-json\/wp\/v2\/product\/11894","targetHints":{"allow":["GET"]}}],"collection":[{"href":"https:\/\/esentialaroms.com\/fr\/wp-json\/wp\/v2\/product"}],"about":[{"href":"https:\/\/esentialaroms.com\/fr\/wp-json\/wp\/v2\/types\/product"}],"replies":[{"embeddable":true,"href":"https:\/\/esentialaroms.com\/fr\/wp-json\/wp\/v2\/comments?post=11894"}],"version-history":[{"count":1,"href":"https:\/\/esentialaroms.com\/fr\/wp-json\/wp\/v2\/product\/11894\/revisions"}],"predecessor-version":[{"id":11896,"href":"https:\/\/esentialaroms.com\/fr\/wp-json\/wp\/v2\/product\/11894\/revisions\/11896"}],"wp:featuredmedia":[{"embeddable":true,"href":"https:\/\/esentialaroms.com\/fr\/wp-json\/wp\/v2\/media\/11895"}],"wp:attachment":[{"href":"https:\/\/esentialaroms.com\/fr\/wp-json\/wp\/v2\/media?parent=11894"}],"wp:term":[{"taxonomy":"product_brand","embeddable":true,"href":"https:\/\/esentialaroms.com\/fr\/wp-json\/wp\/v2\/product_brand?post=11894"},{"taxonomy":"product_cat","embeddable":true,"href":"https:\/\/esentialaroms.com\/fr\/wp-json\/wp\/v2\/product_cat?post=11894"},{"taxonomy":"product_tag","embeddable":true,"href":"https:\/\/esentialaroms.com\/fr\/wp-json\/wp\/v2\/product_tag?post=11894"}],"curies":[{"name":"wp","href":"https:\/\/api.w.org\/{rel}","templated":true}]}}