{"id":11838,"date":"2026-05-07T12:46:40","date_gmt":"2026-05-07T10:46:40","guid":{"rendered":"https:\/\/esentialaroms.com\/productos\/aceite-vegetal-virgen-de-tamanu-calofilo-calophyllum-inophyllum-500-ml-2\/"},"modified":"2026-05-07T14:21:55","modified_gmt":"2026-05-07T12:21:55","slug":"aceite-vegetal-virgen-de-tamanu-calofilo-calophyllum-inophyllum-500-ml-2","status":"publish","type":"product","link":"https:\/\/esentialaroms.com\/fr\/productos\/aceite-vegetal-virgen-de-tamanu-calofilo-calophyllum-inophyllum-500-ml-2\/","title":{"rendered":"Huile v\u00e9g\u00e9tale vierge de TAMANU (Calophyllum inophyllum) 500 ml"},"content":{"rendered":"","protected":false},"excerpt":{"rendered":"<div>L\u2019huile de tamanu poss\u00e8de des propri\u00e9t\u00e9s qui peuvent aider \u00e0 r\u00e9parer la peau squameuse, \u00e0 apaiser et \u00e0 favoriser la production de collag\u00e8ne. Il est traditionnellement utilis\u00e9 pour soigner les cicatrices post-chirurgicales et les douleurs articulaires. &nbsp;<\/div>\n","protected":false},"featured_media":11839,"comment_status":"open","ping_status":"closed","template":"","meta":{"_acf_changed":false,"rs_blank_template":"","rs_page_bg_color":"","slide_template_v7":""},"product_brand":[],"product_cat":[307,521,340,310],"product_tag":[],"class_list":{"0":"post-11838","1":"product","2":"type-product","3":"status-publish","4":"has-post-thumbnail","6":"product_cat-aromatherapie","7":"product_cat-athletes","8":"product_cat-besoins","9":"product_cat-huiles-vegetales","11":"first","12":"instock","13":"shipping-taxable","14":"purchasable","15":"product-type-simple"},"acf":[],"_links":{"self":[{"href":"https:\/\/esentialaroms.com\/fr\/wp-json\/wp\/v2\/product\/11838","targetHints":{"allow":["GET"]}}],"collection":[{"href":"https:\/\/esentialaroms.com\/fr\/wp-json\/wp\/v2\/product"}],"about":[{"href":"https:\/\/esentialaroms.com\/fr\/wp-json\/wp\/v2\/types\/product"}],"replies":[{"embeddable":true,"href":"https:\/\/esentialaroms.com\/fr\/wp-json\/wp\/v2\/comments?post=11838"}],"version-history":[{"count":1,"href":"https:\/\/esentialaroms.com\/fr\/wp-json\/wp\/v2\/product\/11838\/revisions"}],"predecessor-version":[{"id":11840,"href":"https:\/\/esentialaroms.com\/fr\/wp-json\/wp\/v2\/product\/11838\/revisions\/11840"}],"wp:featuredmedia":[{"embeddable":true,"href":"https:\/\/esentialaroms.com\/fr\/wp-json\/wp\/v2\/media\/11839"}],"wp:attachment":[{"href":"https:\/\/esentialaroms.com\/fr\/wp-json\/wp\/v2\/media?parent=11838"}],"wp:term":[{"taxonomy":"product_brand","embeddable":true,"href":"https:\/\/esentialaroms.com\/fr\/wp-json\/wp\/v2\/product_brand?post=11838"},{"taxonomy":"product_cat","embeddable":true,"href":"https:\/\/esentialaroms.com\/fr\/wp-json\/wp\/v2\/product_cat?post=11838"},{"taxonomy":"product_tag","embeddable":true,"href":"https:\/\/esentialaroms.com\/fr\/wp-json\/wp\/v2\/product_tag?post=11838"}],"curies":[{"name":"wp","href":"https:\/\/api.w.org\/{rel}","templated":true}]}}