{"id":11827,"date":"2026-05-07T12:46:38","date_gmt":"2026-05-07T10:46:38","guid":{"rendered":"https:\/\/esentialaroms.com\/productos\/aceite-vegetal-virgen-de-pepita-de-frambuesa-rubus-idaeus-500-ml-2\/"},"modified":"2026-05-07T14:21:55","modified_gmt":"2026-05-07T12:21:55","slug":"aceite-vegetal-virgen-de-pepita-de-frambuesa-rubus-idaeus-500-ml-2","status":"publish","type":"product","link":"https:\/\/esentialaroms.com\/fr\/productos\/aceite-vegetal-virgen-de-pepita-de-frambuesa-rubus-idaeus-500-ml-2\/","title":{"rendered":"Huile v\u00e9g\u00e9tale vierge de P\u00c9PIN DE FRAMBOISE (Rubus idaeus) 500 ml"},"content":{"rendered":"","protected":false},"excerpt":{"rendered":"<div>Suplemento alimentar \u00e0 base de \u00f3leo vegetal de semente de framboesa. Fonte de ?-3. &nbsp;<\/div>\n<div>Gr\u00e2ce \u00e0 sa composition en acides gras, environ 52 % d&rsquo;acide linol\u00e9ique (?6), 14 % d&rsquo;acide ol\u00e9ique (?9) et 24 % d&rsquo;acide alpha-linol\u00e9nique (?3), et \u00e0 sa teneur en vitamine E et en vitamine A, il convient au soin des peaux matures et \u00e0 l&rsquo;intensification de la r\u00e9g\u00e9n\u00e9ration, en particulier du visage. &nbsp;<\/div>\n","protected":false},"featured_media":11828,"comment_status":"open","ping_status":"closed","template":"","meta":{"_acf_changed":false,"rs_blank_template":"","rs_page_bg_color":"","slide_template_v7":""},"product_brand":[],"product_cat":[307,310],"product_tag":[],"class_list":{"0":"post-11827","1":"product","2":"type-product","3":"status-publish","4":"has-post-thumbnail","6":"product_cat-aromatherapie","7":"product_cat-huiles-vegetales","9":"first","10":"instock","11":"shipping-taxable","12":"purchasable","13":"product-type-simple"},"acf":[],"_links":{"self":[{"href":"https:\/\/esentialaroms.com\/fr\/wp-json\/wp\/v2\/product\/11827","targetHints":{"allow":["GET"]}}],"collection":[{"href":"https:\/\/esentialaroms.com\/fr\/wp-json\/wp\/v2\/product"}],"about":[{"href":"https:\/\/esentialaroms.com\/fr\/wp-json\/wp\/v2\/types\/product"}],"replies":[{"embeddable":true,"href":"https:\/\/esentialaroms.com\/fr\/wp-json\/wp\/v2\/comments?post=11827"}],"version-history":[{"count":1,"href":"https:\/\/esentialaroms.com\/fr\/wp-json\/wp\/v2\/product\/11827\/revisions"}],"predecessor-version":[{"id":11829,"href":"https:\/\/esentialaroms.com\/fr\/wp-json\/wp\/v2\/product\/11827\/revisions\/11829"}],"wp:featuredmedia":[{"embeddable":true,"href":"https:\/\/esentialaroms.com\/fr\/wp-json\/wp\/v2\/media\/11828"}],"wp:attachment":[{"href":"https:\/\/esentialaroms.com\/fr\/wp-json\/wp\/v2\/media?parent=11827"}],"wp:term":[{"taxonomy":"product_brand","embeddable":true,"href":"https:\/\/esentialaroms.com\/fr\/wp-json\/wp\/v2\/product_brand?post=11827"},{"taxonomy":"product_cat","embeddable":true,"href":"https:\/\/esentialaroms.com\/fr\/wp-json\/wp\/v2\/product_cat?post=11827"},{"taxonomy":"product_tag","embeddable":true,"href":"https:\/\/esentialaroms.com\/fr\/wp-json\/wp\/v2\/product_tag?post=11827"}],"curies":[{"name":"wp","href":"https:\/\/api.w.org\/{rel}","templated":true}]}}