{"id":11816,"date":"2026-05-07T12:46:36","date_gmt":"2026-05-07T10:46:36","guid":{"rendered":"https:\/\/esentialaroms.com\/productos\/aceite-vegetal-virgen-de-germen-de-trigo-triticum-vulgare-500-ml-2\/"},"modified":"2026-05-07T14:21:54","modified_gmt":"2026-05-07T12:21:54","slug":"aceite-vegetal-virgen-de-germen-de-trigo-triticum-vulgare-500-ml-2","status":"publish","type":"product","link":"https:\/\/esentialaroms.com\/fr\/productos\/aceite-vegetal-virgen-de-germen-de-trigo-triticum-vulgare-500-ml-2\/","title":{"rendered":"Huile v\u00e9g\u00e9tale vierge de GERME DE BL\u00c9 (Triticum vulgare) 500 ml"},"content":{"rendered":"","protected":false},"excerpt":{"rendered":"<div>Compl\u00e9ment alimentaire \u00e0 base huile de germe de bl\u00e9. Source de a-tocoph\u00e9rol. &nbsp;<\/div>\n<div>En raison de sa composition en acides gras, environ 64 % d&rsquo;acide linol\u00e9ique (?6), 12 % d&rsquo;acide ol\u00e9ique (?9) et 7 % d&rsquo;acide a-linol\u00e9nique (?3) et sa teneur en a-tocoph\u00e9rol (forme naturelle de la vitamine E), il convient au soin des peaux matures, pr\u00e9matur\u00e9ment vieillies et des fumeurs. &nbsp;<\/div>\n","protected":false},"featured_media":11817,"comment_status":"open","ping_status":"closed","template":"","meta":{"_acf_changed":false,"rs_blank_template":"","rs_page_bg_color":"","slide_template_v7":""},"product_brand":[],"product_cat":[307,310],"product_tag":[],"class_list":{"0":"post-11816","1":"product","2":"type-product","3":"status-publish","4":"has-post-thumbnail","6":"product_cat-aromatherapie","7":"product_cat-huiles-vegetales","9":"first","10":"instock","11":"shipping-taxable","12":"purchasable","13":"product-type-simple"},"acf":[],"_links":{"self":[{"href":"https:\/\/esentialaroms.com\/fr\/wp-json\/wp\/v2\/product\/11816","targetHints":{"allow":["GET"]}}],"collection":[{"href":"https:\/\/esentialaroms.com\/fr\/wp-json\/wp\/v2\/product"}],"about":[{"href":"https:\/\/esentialaroms.com\/fr\/wp-json\/wp\/v2\/types\/product"}],"replies":[{"embeddable":true,"href":"https:\/\/esentialaroms.com\/fr\/wp-json\/wp\/v2\/comments?post=11816"}],"version-history":[{"count":1,"href":"https:\/\/esentialaroms.com\/fr\/wp-json\/wp\/v2\/product\/11816\/revisions"}],"predecessor-version":[{"id":11818,"href":"https:\/\/esentialaroms.com\/fr\/wp-json\/wp\/v2\/product\/11816\/revisions\/11818"}],"wp:featuredmedia":[{"embeddable":true,"href":"https:\/\/esentialaroms.com\/fr\/wp-json\/wp\/v2\/media\/11817"}],"wp:attachment":[{"href":"https:\/\/esentialaroms.com\/fr\/wp-json\/wp\/v2\/media?parent=11816"}],"wp:term":[{"taxonomy":"product_brand","embeddable":true,"href":"https:\/\/esentialaroms.com\/fr\/wp-json\/wp\/v2\/product_brand?post=11816"},{"taxonomy":"product_cat","embeddable":true,"href":"https:\/\/esentialaroms.com\/fr\/wp-json\/wp\/v2\/product_cat?post=11816"},{"taxonomy":"product_tag","embeddable":true,"href":"https:\/\/esentialaroms.com\/fr\/wp-json\/wp\/v2\/product_tag?post=11816"}],"curies":[{"name":"wp","href":"https:\/\/api.w.org\/{rel}","templated":true}]}}