{"id":11794,"date":"2026-05-07T12:46:31","date_gmt":"2026-05-07T10:46:31","guid":{"rendered":"https:\/\/esentialaroms.com\/productos\/aceite-vegetal-virgen-de-rosa-mosqueta-500-ml-2\/"},"modified":"2026-05-07T14:21:54","modified_gmt":"2026-05-07T12:21:54","slug":"aceite-vegetal-virgen-de-rosa-mosqueta-500-ml-2","status":"publish","type":"product","link":"https:\/\/esentialaroms.com\/fr\/productos\/aceite-vegetal-virgen-de-rosa-mosqueta-500-ml-2\/","title":{"rendered":"HUILE V\u00c9G\u00c9TALE VIERGE DE ROSE MUSQU\u00c9E"},"content":{"rendered":"","protected":false},"excerpt":{"rendered":"<div>Huile v\u00e9g\u00e9tale obtenue par 1\u00e8re pression \u00e0 froid de fruits r\u00e9colt\u00e9s \u00e0 l&rsquo;\u00e9tat sauvage, consid\u00e9r\u00e9e comme \u00e9tant de la plus haute qualit\u00e9. Elle r\u00e9g\u00e9n\u00e8re et nourrit les peaux les plus d\u00e9vitalis\u00e9es, att\u00e9nue et lisse les rides, pr\u00e9vient l&rsquo;apparition des taches cutan\u00e9es et est id\u00e9ale apr\u00e8s une exposition au soleil et pour traiter les coups de soleil. Elle a \u00e9galement un effet raffermissant et est recommand\u00e9e pour le traitement intensif des rides. &nbsp;<\/div>\n","protected":false},"featured_media":11795,"comment_status":"open","ping_status":"closed","template":"","meta":{"_acf_changed":false,"rs_blank_template":"","rs_page_bg_color":"","slide_template_v7":""},"product_brand":[],"product_cat":[307,485,322,310],"product_tag":[],"class_list":{"0":"post-11794","1":"product","2":"type-product","3":"status-publish","4":"has-post-thumbnail","6":"product_cat-aromatherapie","7":"product_cat-cynorrhodon","8":"product_cat-familles","9":"product_cat-huiles-vegetales","11":"first","12":"instock","13":"shipping-taxable","14":"purchasable","15":"product-type-simple"},"acf":[],"_links":{"self":[{"href":"https:\/\/esentialaroms.com\/fr\/wp-json\/wp\/v2\/product\/11794","targetHints":{"allow":["GET"]}}],"collection":[{"href":"https:\/\/esentialaroms.com\/fr\/wp-json\/wp\/v2\/product"}],"about":[{"href":"https:\/\/esentialaroms.com\/fr\/wp-json\/wp\/v2\/types\/product"}],"replies":[{"embeddable":true,"href":"https:\/\/esentialaroms.com\/fr\/wp-json\/wp\/v2\/comments?post=11794"}],"version-history":[{"count":1,"href":"https:\/\/esentialaroms.com\/fr\/wp-json\/wp\/v2\/product\/11794\/revisions"}],"predecessor-version":[{"id":11796,"href":"https:\/\/esentialaroms.com\/fr\/wp-json\/wp\/v2\/product\/11794\/revisions\/11796"}],"wp:featuredmedia":[{"embeddable":true,"href":"https:\/\/esentialaroms.com\/fr\/wp-json\/wp\/v2\/media\/11795"}],"wp:attachment":[{"href":"https:\/\/esentialaroms.com\/fr\/wp-json\/wp\/v2\/media?parent=11794"}],"wp:term":[{"taxonomy":"product_brand","embeddable":true,"href":"https:\/\/esentialaroms.com\/fr\/wp-json\/wp\/v2\/product_brand?post=11794"},{"taxonomy":"product_cat","embeddable":true,"href":"https:\/\/esentialaroms.com\/fr\/wp-json\/wp\/v2\/product_cat?post=11794"},{"taxonomy":"product_tag","embeddable":true,"href":"https:\/\/esentialaroms.com\/fr\/wp-json\/wp\/v2\/product_tag?post=11794"}],"curies":[{"name":"wp","href":"https:\/\/api.w.org\/{rel}","templated":true}]}}