{"id":11724,"date":"2026-05-07T12:46:08","date_gmt":"2026-05-07T10:46:08","guid":{"rendered":"https:\/\/esentialaroms.com\/productos\/aceite-vegetal-virgen-de-sesamo-sesamum-indicum-bio-1-litro-2\/"},"modified":"2026-05-07T14:21:52","modified_gmt":"2026-05-07T12:21:52","slug":"aceite-vegetal-virgen-de-sesamo-sesamum-indicum-bio-1-litro-2","status":"publish","type":"product","link":"https:\/\/esentialaroms.com\/fr\/productos\/aceite-vegetal-virgen-de-sesamo-sesamum-indicum-bio-1-litro-2\/","title":{"rendered":"Huile v\u00e9g\u00e9tale vierge de S\u00c9SAME (Sesamum indicum) BIO 1 litre"},"content":{"rendered":"","protected":false},"excerpt":{"rendered":"<div>Suplemento alimentar \u00e0 base de \u00f3leo vegetal de s\u00e9samo. Fonte de ?-6 e ?-9. &nbsp;<\/div>\n<div>Gr\u00e2ce \u00e0 sa composition en acides gras, environ 41 % d&rsquo;acide linol\u00e9ique (?6) et 42 % d&rsquo;acide ol\u00e9ique (?9), il convient au soin des peaux s\u00e8ches et mal nourries. Id\u00e9al pour les massages corporels et la pr\u00e9paration de formules pour les massages respiratoires et articulaires. &nbsp;<\/div>\n","protected":false},"featured_media":11725,"comment_status":"open","ping_status":"closed","template":"","meta":{"_acf_changed":false,"rs_blank_template":"","rs_page_bg_color":"","slide_template_v7":""},"product_brand":[],"product_cat":[307,310],"product_tag":[],"class_list":{"0":"post-11724","1":"product","2":"type-product","3":"status-publish","4":"has-post-thumbnail","6":"product_cat-aromatherapie","7":"product_cat-huiles-vegetales","9":"first","10":"instock","11":"shipping-taxable","12":"purchasable","13":"product-type-simple"},"acf":[],"_links":{"self":[{"href":"https:\/\/esentialaroms.com\/fr\/wp-json\/wp\/v2\/product\/11724","targetHints":{"allow":["GET"]}}],"collection":[{"href":"https:\/\/esentialaroms.com\/fr\/wp-json\/wp\/v2\/product"}],"about":[{"href":"https:\/\/esentialaroms.com\/fr\/wp-json\/wp\/v2\/types\/product"}],"replies":[{"embeddable":true,"href":"https:\/\/esentialaroms.com\/fr\/wp-json\/wp\/v2\/comments?post=11724"}],"version-history":[{"count":1,"href":"https:\/\/esentialaroms.com\/fr\/wp-json\/wp\/v2\/product\/11724\/revisions"}],"predecessor-version":[{"id":11726,"href":"https:\/\/esentialaroms.com\/fr\/wp-json\/wp\/v2\/product\/11724\/revisions\/11726"}],"wp:featuredmedia":[{"embeddable":true,"href":"https:\/\/esentialaroms.com\/fr\/wp-json\/wp\/v2\/media\/11725"}],"wp:attachment":[{"href":"https:\/\/esentialaroms.com\/fr\/wp-json\/wp\/v2\/media?parent=11724"}],"wp:term":[{"taxonomy":"product_brand","embeddable":true,"href":"https:\/\/esentialaroms.com\/fr\/wp-json\/wp\/v2\/product_brand?post=11724"},{"taxonomy":"product_cat","embeddable":true,"href":"https:\/\/esentialaroms.com\/fr\/wp-json\/wp\/v2\/product_cat?post=11724"},{"taxonomy":"product_tag","embeddable":true,"href":"https:\/\/esentialaroms.com\/fr\/wp-json\/wp\/v2\/product_tag?post=11724"}],"curies":[{"name":"wp","href":"https:\/\/api.w.org\/{rel}","templated":true}]}}