{"id":11570,"date":"2026-05-07T12:45:36","date_gmt":"2026-05-07T10:45:36","guid":{"rendered":"https:\/\/esentialaroms.com\/productos\/cuenco-de-ceramica-pequeno-o-70-mm-2\/"},"modified":"2026-05-07T14:21:48","modified_gmt":"2026-05-07T12:21:48","slug":"cuenco-de-ceramica-pequeno-o-70-mm-2","status":"publish","type":"product","link":"https:\/\/esentialaroms.com\/fr\/productos\/cuenco-de-ceramica-pequeno-o-70-mm-2\/","title":{"rendered":"PETIT BOL EN C\u00c9RAMIQUE (\u00d8 70 mm)"},"content":{"rendered":"","protected":false},"excerpt":{"rendered":"<div>Bol en c\u00e9ramique de 70 mm de diam\u00e8tre &nbsp;<\/div>\n","protected":false},"featured_media":11571,"comment_status":"open","ping_status":"closed","template":"","meta":{"_acf_changed":false,"rs_blank_template":"","rs_page_bg_color":"","slide_template_v7":""},"product_brand":[],"product_cat":[425,307],"product_tag":[],"class_list":{"0":"post-11570","1":"product","2":"type-product","3":"status-publish","4":"has-post-thumbnail","6":"product_cat-accessoires","7":"product_cat-aromatherapie","9":"first","10":"instock","11":"shipping-taxable","12":"purchasable","13":"product-type-simple"},"acf":[],"_links":{"self":[{"href":"https:\/\/esentialaroms.com\/fr\/wp-json\/wp\/v2\/product\/11570","targetHints":{"allow":["GET"]}}],"collection":[{"href":"https:\/\/esentialaroms.com\/fr\/wp-json\/wp\/v2\/product"}],"about":[{"href":"https:\/\/esentialaroms.com\/fr\/wp-json\/wp\/v2\/types\/product"}],"replies":[{"embeddable":true,"href":"https:\/\/esentialaroms.com\/fr\/wp-json\/wp\/v2\/comments?post=11570"}],"version-history":[{"count":1,"href":"https:\/\/esentialaroms.com\/fr\/wp-json\/wp\/v2\/product\/11570\/revisions"}],"predecessor-version":[{"id":11573,"href":"https:\/\/esentialaroms.com\/fr\/wp-json\/wp\/v2\/product\/11570\/revisions\/11573"}],"wp:featuredmedia":[{"embeddable":true,"href":"https:\/\/esentialaroms.com\/fr\/wp-json\/wp\/v2\/media\/11571"}],"wp:attachment":[{"href":"https:\/\/esentialaroms.com\/fr\/wp-json\/wp\/v2\/media?parent=11570"}],"wp:term":[{"taxonomy":"product_brand","embeddable":true,"href":"https:\/\/esentialaroms.com\/fr\/wp-json\/wp\/v2\/product_brand?post=11570"},{"taxonomy":"product_cat","embeddable":true,"href":"https:\/\/esentialaroms.com\/fr\/wp-json\/wp\/v2\/product_cat?post=11570"},{"taxonomy":"product_tag","embeddable":true,"href":"https:\/\/esentialaroms.com\/fr\/wp-json\/wp\/v2\/product_tag?post=11570"}],"curies":[{"name":"wp","href":"https:\/\/api.w.org\/{rel}","templated":true}]}}