{"id":11555,"date":"2026-05-07T12:45:33","date_gmt":"2026-05-07T10:45:33","guid":{"rendered":"https:\/\/esentialaroms.com\/productos\/respirator-inhalador-de-aceites-esenciales-2\/"},"modified":"2026-05-07T14:21:48","modified_gmt":"2026-05-07T12:21:48","slug":"respirator-inhalador-de-aceites-esenciales-2","status":"publish","type":"product","link":"https:\/\/esentialaroms.com\/fr\/productos\/respirator-inhalador-de-aceites-esenciales-2\/","title":{"rendered":"RESPIRATOR &#8211; INHALATEUR D&rsquo;HUILES ESSENTIELLES"},"content":{"rendered":"","protected":false},"excerpt":{"rendered":"<div>Appareil pour inhalations fabriqu\u00e9 en copolym\u00e8re de polypropyl\u00e8ne (PP), r\u00e9sistant, recyclable et non toxique. &nbsp;<\/div>\n","protected":false},"featured_media":11556,"comment_status":"open","ping_status":"closed","template":"","meta":{"_acf_changed":false,"rs_blank_template":"","rs_page_bg_color":"","slide_template_v7":""},"product_brand":[],"product_cat":[425,307],"product_tag":[],"class_list":{"0":"post-11555","1":"product","2":"type-product","3":"status-publish","4":"has-post-thumbnail","6":"product_cat-accessoires","7":"product_cat-aromatherapie","9":"first","10":"instock","11":"shipping-taxable","12":"purchasable","13":"product-type-simple"},"acf":[],"_links":{"self":[{"href":"https:\/\/esentialaroms.com\/fr\/wp-json\/wp\/v2\/product\/11555","targetHints":{"allow":["GET"]}}],"collection":[{"href":"https:\/\/esentialaroms.com\/fr\/wp-json\/wp\/v2\/product"}],"about":[{"href":"https:\/\/esentialaroms.com\/fr\/wp-json\/wp\/v2\/types\/product"}],"replies":[{"embeddable":true,"href":"https:\/\/esentialaroms.com\/fr\/wp-json\/wp\/v2\/comments?post=11555"}],"version-history":[{"count":1,"href":"https:\/\/esentialaroms.com\/fr\/wp-json\/wp\/v2\/product\/11555\/revisions"}],"predecessor-version":[{"id":11558,"href":"https:\/\/esentialaroms.com\/fr\/wp-json\/wp\/v2\/product\/11555\/revisions\/11558"}],"wp:featuredmedia":[{"embeddable":true,"href":"https:\/\/esentialaroms.com\/fr\/wp-json\/wp\/v2\/media\/11556"}],"wp:attachment":[{"href":"https:\/\/esentialaroms.com\/fr\/wp-json\/wp\/v2\/media?parent=11555"}],"wp:term":[{"taxonomy":"product_brand","embeddable":true,"href":"https:\/\/esentialaroms.com\/fr\/wp-json\/wp\/v2\/product_brand?post=11555"},{"taxonomy":"product_cat","embeddable":true,"href":"https:\/\/esentialaroms.com\/fr\/wp-json\/wp\/v2\/product_cat?post=11555"},{"taxonomy":"product_tag","embeddable":true,"href":"https:\/\/esentialaroms.com\/fr\/wp-json\/wp\/v2\/product_tag?post=11555"}],"curies":[{"name":"wp","href":"https:\/\/api.w.org\/{rel}","templated":true}]}}