{"id":11540,"date":"2026-05-07T12:45:30","date_gmt":"2026-05-07T10:45:30","guid":{"rendered":"https:\/\/esentialaroms.com\/productos\/dosificador-de-aceite-vegetal-para-frasco-de-boca-ancha-2\/"},"modified":"2026-05-07T14:21:48","modified_gmt":"2026-05-07T12:21:48","slug":"dosificador-de-aceite-vegetal-para-frasco-de-boca-ancha-2","status":"publish","type":"product","link":"https:\/\/esentialaroms.com\/fr\/productos\/dosificador-de-aceite-vegetal-para-frasco-de-boca-ancha-2\/","title":{"rendered":"DISTRIBUTEUR D&rsquo;HUILE V\u00c9G\u00c9TALE POUR FLACON \u00c0 COL LARGE"},"content":{"rendered":"","protected":false},"excerpt":{"rendered":"<div>Bouchon \u00e0 vis large blanc avec doseur &nbsp;<\/div>\n","protected":false},"featured_media":11541,"comment_status":"open","ping_status":"closed","template":"","meta":{"_acf_changed":false,"rs_blank_template":"","rs_page_bg_color":"","slide_template_v7":""},"product_brand":[],"product_cat":[425,307],"product_tag":[],"class_list":{"0":"post-11540","1":"product","2":"type-product","3":"status-publish","4":"has-post-thumbnail","6":"product_cat-accessoires","7":"product_cat-aromatherapie","9":"first","10":"instock","11":"shipping-taxable","12":"purchasable","13":"product-type-simple"},"acf":[],"_links":{"self":[{"href":"https:\/\/esentialaroms.com\/fr\/wp-json\/wp\/v2\/product\/11540","targetHints":{"allow":["GET"]}}],"collection":[{"href":"https:\/\/esentialaroms.com\/fr\/wp-json\/wp\/v2\/product"}],"about":[{"href":"https:\/\/esentialaroms.com\/fr\/wp-json\/wp\/v2\/types\/product"}],"replies":[{"embeddable":true,"href":"https:\/\/esentialaroms.com\/fr\/wp-json\/wp\/v2\/comments?post=11540"}],"version-history":[{"count":1,"href":"https:\/\/esentialaroms.com\/fr\/wp-json\/wp\/v2\/product\/11540\/revisions"}],"predecessor-version":[{"id":11543,"href":"https:\/\/esentialaroms.com\/fr\/wp-json\/wp\/v2\/product\/11540\/revisions\/11543"}],"wp:featuredmedia":[{"embeddable":true,"href":"https:\/\/esentialaroms.com\/fr\/wp-json\/wp\/v2\/media\/11541"}],"wp:attachment":[{"href":"https:\/\/esentialaroms.com\/fr\/wp-json\/wp\/v2\/media?parent=11540"}],"wp:term":[{"taxonomy":"product_brand","embeddable":true,"href":"https:\/\/esentialaroms.com\/fr\/wp-json\/wp\/v2\/product_brand?post=11540"},{"taxonomy":"product_cat","embeddable":true,"href":"https:\/\/esentialaroms.com\/fr\/wp-json\/wp\/v2\/product_cat?post=11540"},{"taxonomy":"product_tag","embeddable":true,"href":"https:\/\/esentialaroms.com\/fr\/wp-json\/wp\/v2\/product_tag?post=11540"}],"curies":[{"name":"wp","href":"https:\/\/api.w.org\/{rel}","templated":true}]}}