{"id":11476,"date":"2026-05-07T12:45:20","date_gmt":"2026-05-07T10:45:20","guid":{"rendered":"https:\/\/esentialaroms.com\/productos\/frasco-biselado-de-boca-estrecha-con-pulverizador-dorado-100-ml-2\/"},"modified":"2026-05-07T14:21:47","modified_gmt":"2026-05-07T12:21:47","slug":"frasco-biselado-de-boca-estrecha-con-pulverizador-dorado-100-ml-2","status":"publish","type":"product","link":"https:\/\/esentialaroms.com\/fr\/productos\/frasco-biselado-de-boca-estrecha-con-pulverizador-dorado-100-ml-2\/","title":{"rendered":"FLACON BISEAUT\u00c9 A COL \u00c9TROIT AVEC PULV\u00c9RISATEUR DOR\u00c9 100 ml"},"content":{"rendered":"","protected":false},"excerpt":{"rendered":"<div>Flacon biseaut\u00e9 en verre translucide de 100 ml, avec bouchon \u00e0 vis dor\u00e9 et pulv\u00e9risateur. &nbsp;<\/div>\n","protected":false},"featured_media":11477,"comment_status":"open","ping_status":"closed","template":"","meta":{"_acf_changed":false,"rs_blank_template":"","rs_page_bg_color":"","slide_template_v7":""},"product_brand":[],"product_cat":[425,307],"product_tag":[],"class_list":{"0":"post-11476","1":"product","2":"type-product","3":"status-publish","4":"has-post-thumbnail","6":"product_cat-accessoires","7":"product_cat-aromatherapie","9":"first","10":"instock","11":"shipping-taxable","12":"purchasable","13":"product-type-simple"},"acf":[],"_links":{"self":[{"href":"https:\/\/esentialaroms.com\/fr\/wp-json\/wp\/v2\/product\/11476","targetHints":{"allow":["GET"]}}],"collection":[{"href":"https:\/\/esentialaroms.com\/fr\/wp-json\/wp\/v2\/product"}],"about":[{"href":"https:\/\/esentialaroms.com\/fr\/wp-json\/wp\/v2\/types\/product"}],"replies":[{"embeddable":true,"href":"https:\/\/esentialaroms.com\/fr\/wp-json\/wp\/v2\/comments?post=11476"}],"version-history":[{"count":1,"href":"https:\/\/esentialaroms.com\/fr\/wp-json\/wp\/v2\/product\/11476\/revisions"}],"predecessor-version":[{"id":11479,"href":"https:\/\/esentialaroms.com\/fr\/wp-json\/wp\/v2\/product\/11476\/revisions\/11479"}],"wp:featuredmedia":[{"embeddable":true,"href":"https:\/\/esentialaroms.com\/fr\/wp-json\/wp\/v2\/media\/11477"}],"wp:attachment":[{"href":"https:\/\/esentialaroms.com\/fr\/wp-json\/wp\/v2\/media?parent=11476"}],"wp:term":[{"taxonomy":"product_brand","embeddable":true,"href":"https:\/\/esentialaroms.com\/fr\/wp-json\/wp\/v2\/product_brand?post=11476"},{"taxonomy":"product_cat","embeddable":true,"href":"https:\/\/esentialaroms.com\/fr\/wp-json\/wp\/v2\/product_cat?post=11476"},{"taxonomy":"product_tag","embeddable":true,"href":"https:\/\/esentialaroms.com\/fr\/wp-json\/wp\/v2\/product_tag?post=11476"}],"curies":[{"name":"wp","href":"https:\/\/api.w.org\/{rel}","templated":true}]}}