{"id":11459,"date":"2026-05-07T12:45:17","date_gmt":"2026-05-07T10:45:17","guid":{"rendered":"https:\/\/esentialaroms.com\/productos\/tarro-de-crema-50-ml-2\/"},"modified":"2026-05-07T14:21:47","modified_gmt":"2026-05-07T12:21:47","slug":"tarro-de-crema-50-ml-2","status":"publish","type":"product","link":"https:\/\/esentialaroms.com\/fr\/productos\/tarro-de-crema-50-ml-2\/","title":{"rendered":"POT DE CR\u00c8ME 50 ml"},"content":{"rendered":"","protected":false},"excerpt":{"rendered":"<div>Pot en verre translucide de 50 ml, avec scell\u00e9 et bouchon \u00e0 vis dor\u00e9. &nbsp;<\/div>\n","protected":false},"featured_media":11460,"comment_status":"open","ping_status":"closed","template":"","meta":{"_acf_changed":false,"rs_blank_template":"","rs_page_bg_color":"","slide_template_v7":""},"product_brand":[],"product_cat":[425,307],"product_tag":[],"class_list":{"0":"post-11459","1":"product","2":"type-product","3":"status-publish","4":"has-post-thumbnail","6":"product_cat-accessoires","7":"product_cat-aromatherapie","9":"first","10":"instock","11":"shipping-taxable","12":"purchasable","13":"product-type-simple"},"acf":[],"_links":{"self":[{"href":"https:\/\/esentialaroms.com\/fr\/wp-json\/wp\/v2\/product\/11459","targetHints":{"allow":["GET"]}}],"collection":[{"href":"https:\/\/esentialaroms.com\/fr\/wp-json\/wp\/v2\/product"}],"about":[{"href":"https:\/\/esentialaroms.com\/fr\/wp-json\/wp\/v2\/types\/product"}],"replies":[{"embeddable":true,"href":"https:\/\/esentialaroms.com\/fr\/wp-json\/wp\/v2\/comments?post=11459"}],"version-history":[{"count":1,"href":"https:\/\/esentialaroms.com\/fr\/wp-json\/wp\/v2\/product\/11459\/revisions"}],"predecessor-version":[{"id":11463,"href":"https:\/\/esentialaroms.com\/fr\/wp-json\/wp\/v2\/product\/11459\/revisions\/11463"}],"wp:featuredmedia":[{"embeddable":true,"href":"https:\/\/esentialaroms.com\/fr\/wp-json\/wp\/v2\/media\/11460"}],"wp:attachment":[{"href":"https:\/\/esentialaroms.com\/fr\/wp-json\/wp\/v2\/media?parent=11459"}],"wp:term":[{"taxonomy":"product_brand","embeddable":true,"href":"https:\/\/esentialaroms.com\/fr\/wp-json\/wp\/v2\/product_brand?post=11459"},{"taxonomy":"product_cat","embeddable":true,"href":"https:\/\/esentialaroms.com\/fr\/wp-json\/wp\/v2\/product_cat?post=11459"},{"taxonomy":"product_tag","embeddable":true,"href":"https:\/\/esentialaroms.com\/fr\/wp-json\/wp\/v2\/product_tag?post=11459"}],"curies":[{"name":"wp","href":"https:\/\/api.w.org\/{rel}","templated":true}]}}