{"id":11397,"date":"2026-05-07T12:45:05","date_gmt":"2026-05-07T10:45:05","guid":{"rendered":"https:\/\/esentialaroms.com\/productos\/frasco-de-boca-ancha-con-precinto-250-ml-2\/"},"modified":"2026-05-07T14:21:46","modified_gmt":"2026-05-07T12:21:46","slug":"frasco-de-boca-ancha-con-precinto-250-ml-2","status":"publish","type":"product","link":"https:\/\/esentialaroms.com\/fr\/productos\/frasco-de-boca-ancha-con-precinto-250-ml-2\/","title":{"rendered":"FLACON \u00c0 COL LARGE AVEC SCELL\u00c9 250 ml"},"content":{"rendered":"","protected":false},"excerpt":{"rendered":"<div>Flacon en verre \u00e0 large goulot de 250 ml, de couleur topaze, avec bouchon \u00e0 vis et scell\u00e9. &nbsp;<\/div>\n","protected":false},"featured_media":11398,"comment_status":"open","ping_status":"closed","template":"","meta":{"_acf_changed":false,"rs_blank_template":"","rs_page_bg_color":"","slide_template_v7":""},"product_brand":[],"product_cat":[425,307],"product_tag":[],"class_list":{"0":"post-11397","1":"product","2":"type-product","3":"status-publish","4":"has-post-thumbnail","6":"product_cat-accessoires","7":"product_cat-aromatherapie","9":"first","10":"instock","11":"shipping-taxable","12":"purchasable","13":"product-type-simple"},"acf":[],"_links":{"self":[{"href":"https:\/\/esentialaroms.com\/fr\/wp-json\/wp\/v2\/product\/11397","targetHints":{"allow":["GET"]}}],"collection":[{"href":"https:\/\/esentialaroms.com\/fr\/wp-json\/wp\/v2\/product"}],"about":[{"href":"https:\/\/esentialaroms.com\/fr\/wp-json\/wp\/v2\/types\/product"}],"replies":[{"embeddable":true,"href":"https:\/\/esentialaroms.com\/fr\/wp-json\/wp\/v2\/comments?post=11397"}],"version-history":[{"count":1,"href":"https:\/\/esentialaroms.com\/fr\/wp-json\/wp\/v2\/product\/11397\/revisions"}],"predecessor-version":[{"id":11400,"href":"https:\/\/esentialaroms.com\/fr\/wp-json\/wp\/v2\/product\/11397\/revisions\/11400"}],"wp:featuredmedia":[{"embeddable":true,"href":"https:\/\/esentialaroms.com\/fr\/wp-json\/wp\/v2\/media\/11398"}],"wp:attachment":[{"href":"https:\/\/esentialaroms.com\/fr\/wp-json\/wp\/v2\/media?parent=11397"}],"wp:term":[{"taxonomy":"product_brand","embeddable":true,"href":"https:\/\/esentialaroms.com\/fr\/wp-json\/wp\/v2\/product_brand?post=11397"},{"taxonomy":"product_cat","embeddable":true,"href":"https:\/\/esentialaroms.com\/fr\/wp-json\/wp\/v2\/product_cat?post=11397"},{"taxonomy":"product_tag","embeddable":true,"href":"https:\/\/esentialaroms.com\/fr\/wp-json\/wp\/v2\/product_tag?post=11397"}],"curies":[{"name":"wp","href":"https:\/\/api.w.org\/{rel}","templated":true}]}}