{"id":11335,"date":"2026-05-07T12:41:10","date_gmt":"2026-05-07T10:41:10","guid":{"rendered":"https:\/\/esentialaroms.com\/productos\/cera-pura-de-abejas-2\/"},"modified":"2026-05-07T14:21:45","modified_gmt":"2026-05-07T12:21:45","slug":"cera-pura-de-abejas-2","status":"publish","type":"product","link":"https:\/\/esentialaroms.com\/fr\/productos\/cera-pura-de-abejas-2\/","title":{"rendered":"CIRE PURE D&rsquo;ABEILLES"},"content":{"rendered":"","protected":false},"excerpt":{"rendered":"<div>Pour la fabrication de cr\u00e8mes naturelles. Son effet \u00e9mollient et nourrissant favorise la r\u00e9g\u00e9n\u00e9ration cellulaire, ce qui indique son utilisation pour les peaux ab\u00eem\u00e9es ayant besoin d&rsquo;\u00eatre nourries. &nbsp;<\/div>\n","protected":false},"featured_media":11336,"comment_status":"open","ping_status":"closed","template":"","meta":{"_acf_changed":false,"rs_blank_template":"","rs_page_bg_color":"","slide_template_v7":""},"product_brand":[],"product_cat":[307,428],"product_tag":[],"class_list":{"0":"post-11335","1":"product","2":"type-product","3":"status-publish","4":"has-post-thumbnail","6":"product_cat-aromatherapie","7":"product_cat-esential-basics-autres-transporteurs","9":"first","10":"instock","11":"shipping-taxable","12":"purchasable","13":"product-type-simple"},"acf":[],"_links":{"self":[{"href":"https:\/\/esentialaroms.com\/fr\/wp-json\/wp\/v2\/product\/11335","targetHints":{"allow":["GET"]}}],"collection":[{"href":"https:\/\/esentialaroms.com\/fr\/wp-json\/wp\/v2\/product"}],"about":[{"href":"https:\/\/esentialaroms.com\/fr\/wp-json\/wp\/v2\/types\/product"}],"replies":[{"embeddable":true,"href":"https:\/\/esentialaroms.com\/fr\/wp-json\/wp\/v2\/comments?post=11335"}],"version-history":[{"count":1,"href":"https:\/\/esentialaroms.com\/fr\/wp-json\/wp\/v2\/product\/11335\/revisions"}],"predecessor-version":[{"id":11337,"href":"https:\/\/esentialaroms.com\/fr\/wp-json\/wp\/v2\/product\/11335\/revisions\/11337"}],"wp:featuredmedia":[{"embeddable":true,"href":"https:\/\/esentialaroms.com\/fr\/wp-json\/wp\/v2\/media\/11336"}],"wp:attachment":[{"href":"https:\/\/esentialaroms.com\/fr\/wp-json\/wp\/v2\/media?parent=11335"}],"wp:term":[{"taxonomy":"product_brand","embeddable":true,"href":"https:\/\/esentialaroms.com\/fr\/wp-json\/wp\/v2\/product_brand?post=11335"},{"taxonomy":"product_cat","embeddable":true,"href":"https:\/\/esentialaroms.com\/fr\/wp-json\/wp\/v2\/product_cat?post=11335"},{"taxonomy":"product_tag","embeddable":true,"href":"https:\/\/esentialaroms.com\/fr\/wp-json\/wp\/v2\/product_tag?post=11335"}],"curies":[{"name":"wp","href":"https:\/\/api.w.org\/{rel}","templated":true}]}}