{"id":11322,"date":"2026-05-07T12:41:07","date_gmt":"2026-05-07T10:41:07","guid":{"rendered":"https:\/\/esentialaroms.com\/productos\/arcilla-blanca-caolin-2\/"},"modified":"2026-05-07T14:21:44","modified_gmt":"2026-05-07T12:21:44","slug":"arcilla-blanca-caolin-2","status":"publish","type":"product","link":"https:\/\/esentialaroms.com\/fr\/productos\/arcilla-blanca-caolin-2\/","title":{"rendered":"ARGILE BLANCHE (Kaolin)"},"content":{"rendered":"","protected":false},"excerpt":{"rendered":"<div>Constitu\u00e9e d&rsquo;une poudre blanche tr\u00e8s fine, elle poss\u00e8de une grande capacit\u00e9 d&rsquo;absorption des impuret\u00e9s de la peau. Elle r\u00e9gule le pH et poss\u00e8de une action apaisante. Id\u00e9ale pour la r\u00e9alisation de masques sur les peaux sensibles, irritables, normales, mixtes et \u00e0 pores dilat\u00e9s. &nbsp;<\/div>\n","protected":false},"featured_media":11323,"comment_status":"open","ping_status":"closed","template":"","meta":{"_acf_changed":false,"rs_blank_template":"","rs_page_bg_color":"","slide_template_v7":""},"product_brand":[],"product_cat":[307,340,428,358,355],"product_tag":[],"class_list":{"0":"post-11322","1":"product","2":"type-product","3":"status-publish","4":"has-post-thumbnail","6":"product_cat-aromatherapie","7":"product_cat-besoins","8":"product_cat-esential-basics-autres-transporteurs","9":"product_cat-soins-de-la-peau","10":"product_cat-visage","12":"first","13":"instock","14":"shipping-taxable","15":"purchasable","16":"product-type-simple"},"acf":[],"_links":{"self":[{"href":"https:\/\/esentialaroms.com\/fr\/wp-json\/wp\/v2\/product\/11322","targetHints":{"allow":["GET"]}}],"collection":[{"href":"https:\/\/esentialaroms.com\/fr\/wp-json\/wp\/v2\/product"}],"about":[{"href":"https:\/\/esentialaroms.com\/fr\/wp-json\/wp\/v2\/types\/product"}],"replies":[{"embeddable":true,"href":"https:\/\/esentialaroms.com\/fr\/wp-json\/wp\/v2\/comments?post=11322"}],"version-history":[{"count":1,"href":"https:\/\/esentialaroms.com\/fr\/wp-json\/wp\/v2\/product\/11322\/revisions"}],"predecessor-version":[{"id":11325,"href":"https:\/\/esentialaroms.com\/fr\/wp-json\/wp\/v2\/product\/11322\/revisions\/11325"}],"wp:featuredmedia":[{"embeddable":true,"href":"https:\/\/esentialaroms.com\/fr\/wp-json\/wp\/v2\/media\/11323"}],"wp:attachment":[{"href":"https:\/\/esentialaroms.com\/fr\/wp-json\/wp\/v2\/media?parent=11322"}],"wp:term":[{"taxonomy":"product_brand","embeddable":true,"href":"https:\/\/esentialaroms.com\/fr\/wp-json\/wp\/v2\/product_brand?post=11322"},{"taxonomy":"product_cat","embeddable":true,"href":"https:\/\/esentialaroms.com\/fr\/wp-json\/wp\/v2\/product_cat?post=11322"},{"taxonomy":"product_tag","embeddable":true,"href":"https:\/\/esentialaroms.com\/fr\/wp-json\/wp\/v2\/product_tag?post=11322"}],"curies":[{"name":"wp","href":"https:\/\/api.w.org\/{rel}","templated":true}]}}