{"id":11307,"date":"2026-05-07T12:41:02","date_gmt":"2026-05-07T10:41:02","guid":{"rendered":"https:\/\/esentialaroms.com\/productos\/arcilla-verde-montmorillonita-verde-2\/"},"modified":"2026-05-07T14:21:44","modified_gmt":"2026-05-07T12:21:44","slug":"arcilla-verde-montmorillonita-verde-2","status":"publish","type":"product","link":"https:\/\/esentialaroms.com\/fr\/productos\/arcilla-verde-montmorillonita-verde-2\/","title":{"rendered":"ARGILE VERTE (Montmorillonite verte)"},"content":{"rendered":"","protected":false},"excerpt":{"rendered":"<div>Revitalisant cutan\u00e9. Tr\u00e8s riche en magn\u00e9sium, il poss\u00e8de un grand pouvoir d\u00e9toxifiant, remin\u00e9ralisant et absorbant qui agit en synergie avec les huiles essentielles et les hydrolats aromatiques (eaux florales). Indiqu\u00e9 pour les soins corporels des jambes lourdes, de la cellulite et des contractures. Il est \u00e9galement utilis\u00e9 pour les soins du visage, en particulier pour les peaux mixtes \u00e0 grasses et \u00e0 imperfections. Il \u00e9limine les impuret\u00e9s de la peau et absorbe en profondeur l&rsquo;exc\u00e8s de s\u00e9bum. &nbsp;<\/div>\n","protected":false},"featured_media":11308,"comment_status":"open","ping_status":"closed","template":"","meta":{"_acf_changed":false,"rs_blank_template":"","rs_page_bg_color":"","slide_template_v7":""},"product_brand":[],"product_cat":[307,521,340,428,358,355],"product_tag":[],"class_list":{"0":"post-11307","1":"product","2":"type-product","3":"status-publish","4":"has-post-thumbnail","6":"product_cat-aromatherapie","7":"product_cat-athletes","8":"product_cat-besoins","9":"product_cat-esential-basics-autres-transporteurs","10":"product_cat-soins-de-la-peau","11":"product_cat-visage","13":"first","14":"instock","15":"shipping-taxable","16":"purchasable","17":"product-type-simple"},"acf":[],"_links":{"self":[{"href":"https:\/\/esentialaroms.com\/fr\/wp-json\/wp\/v2\/product\/11307","targetHints":{"allow":["GET"]}}],"collection":[{"href":"https:\/\/esentialaroms.com\/fr\/wp-json\/wp\/v2\/product"}],"about":[{"href":"https:\/\/esentialaroms.com\/fr\/wp-json\/wp\/v2\/types\/product"}],"replies":[{"embeddable":true,"href":"https:\/\/esentialaroms.com\/fr\/wp-json\/wp\/v2\/comments?post=11307"}],"version-history":[{"count":1,"href":"https:\/\/esentialaroms.com\/fr\/wp-json\/wp\/v2\/product\/11307\/revisions"}],"predecessor-version":[{"id":11310,"href":"https:\/\/esentialaroms.com\/fr\/wp-json\/wp\/v2\/product\/11307\/revisions\/11310"}],"wp:featuredmedia":[{"embeddable":true,"href":"https:\/\/esentialaroms.com\/fr\/wp-json\/wp\/v2\/media\/11308"}],"wp:attachment":[{"href":"https:\/\/esentialaroms.com\/fr\/wp-json\/wp\/v2\/media?parent=11307"}],"wp:term":[{"taxonomy":"product_brand","embeddable":true,"href":"https:\/\/esentialaroms.com\/fr\/wp-json\/wp\/v2\/product_brand?post=11307"},{"taxonomy":"product_cat","embeddable":true,"href":"https:\/\/esentialaroms.com\/fr\/wp-json\/wp\/v2\/product_cat?post=11307"},{"taxonomy":"product_tag","embeddable":true,"href":"https:\/\/esentialaroms.com\/fr\/wp-json\/wp\/v2\/product_tag?post=11307"}],"curies":[{"name":"wp","href":"https:\/\/api.w.org\/{rel}","templated":true}]}}