{"id":11201,"date":"2026-05-07T12:40:44","date_gmt":"2026-05-07T10:40:44","guid":{"rendered":"https:\/\/esentialaroms.com\/productos\/aromateca-2\/"},"modified":"2026-05-07T14:21:42","modified_gmt":"2026-05-07T12:21:42","slug":"aromateca-2","status":"publish","type":"product","link":"https:\/\/esentialaroms.com\/fr\/productos\/aromateca-2\/","title":{"rendered":"AROMAT\u00c8QUE"},"content":{"rendered":"<div>Coffret en bois contenant 44 huiles essentielles et essences botaniques et biochimiquement d\u00e9finies, pour la pratique de l&rsquo;aromath\u00e9rapie par les d\u00e9butants ou les professionnels. &nbsp;<\/div>\n","protected":false},"excerpt":{"rendered":"<div>L&rsquo;aromath\u00e8que contient un \u00e9chantillon des 44 huiles essentielles H.E.B.B.D. (Huile Essentielle Botaniquement et Biochimiquement D\u00e9finie) les plus utiles pour la trousse \u00e0 pharmacie familiale, les soins de beaut\u00e9 et la th\u00e9rapie. &nbsp;<\/div>\n<div>Chaque flacon contient 2 ml d&rsquo;huile essentielle. &nbsp;<\/div>\n<div>Tr\u00e8s utile pour s&rsquo;initier \u00e0 l&rsquo;aromath\u00e9rapie et \u00e0 l&rsquo;\u00e9tude des huiles essentielles, elle constitue \u00e9galement la base id\u00e9ale pour le test kin\u00e9siologique des huiles essentielles. &nbsp;<\/div>\n","protected":false},"featured_media":11202,"comment_status":"open","ping_status":"closed","template":"","meta":{"_acf_changed":false,"rs_blank_template":"","rs_page_bg_color":"","slide_template_v7":""},"product_brand":[],"product_cat":[313,307],"product_tag":[],"class_list":{"0":"post-11201","1":"product","2":"type-product","3":"status-publish","4":"has-post-thumbnail","6":"product_cat-aromateca","7":"product_cat-aromatherapie","9":"first","10":"instock","11":"shipping-taxable","12":"purchasable","13":"product-type-simple"},"acf":[],"_links":{"self":[{"href":"https:\/\/esentialaroms.com\/fr\/wp-json\/wp\/v2\/product\/11201","targetHints":{"allow":["GET"]}}],"collection":[{"href":"https:\/\/esentialaroms.com\/fr\/wp-json\/wp\/v2\/product"}],"about":[{"href":"https:\/\/esentialaroms.com\/fr\/wp-json\/wp\/v2\/types\/product"}],"replies":[{"embeddable":true,"href":"https:\/\/esentialaroms.com\/fr\/wp-json\/wp\/v2\/comments?post=11201"}],"version-history":[{"count":1,"href":"https:\/\/esentialaroms.com\/fr\/wp-json\/wp\/v2\/product\/11201\/revisions"}],"predecessor-version":[{"id":11203,"href":"https:\/\/esentialaroms.com\/fr\/wp-json\/wp\/v2\/product\/11201\/revisions\/11203"}],"wp:featuredmedia":[{"embeddable":true,"href":"https:\/\/esentialaroms.com\/fr\/wp-json\/wp\/v2\/media\/11202"}],"wp:attachment":[{"href":"https:\/\/esentialaroms.com\/fr\/wp-json\/wp\/v2\/media?parent=11201"}],"wp:term":[{"taxonomy":"product_brand","embeddable":true,"href":"https:\/\/esentialaroms.com\/fr\/wp-json\/wp\/v2\/product_brand?post=11201"},{"taxonomy":"product_cat","embeddable":true,"href":"https:\/\/esentialaroms.com\/fr\/wp-json\/wp\/v2\/product_cat?post=11201"},{"taxonomy":"product_tag","embeddable":true,"href":"https:\/\/esentialaroms.com\/fr\/wp-json\/wp\/v2\/product_tag?post=11201"}],"curies":[{"name":"wp","href":"https:\/\/api.w.org\/{rel}","templated":true}]}}