{"id":11188,"date":"2026-05-07T12:40:41","date_gmt":"2026-05-07T10:40:41","guid":{"rendered":"https:\/\/esentialaroms.com\/productos\/phytocomplex-repair-2\/"},"modified":"2026-05-07T14:21:41","modified_gmt":"2026-05-07T12:21:41","slug":"phytocomplex-repair-2","status":"publish","type":"product","link":"https:\/\/esentialaroms.com\/fr\/productos\/phytocomplex-repair-2\/","title":{"rendered":"Phytocomplex REPAIR"},"content":{"rendered":"<div>Concentr\u00e9 purifiant. &nbsp;<\/div>\n<div>R\u00e9parateur intensif. &nbsp;<\/div>\n<div>Jour et nuit. &nbsp;<\/div>\n","protected":false},"excerpt":{"rendered":"<div>S\u00e9rum purifiant pour les peaux \u00e0 tendance acn\u00e9ique &nbsp;<\/div>\n","protected":false},"featured_media":11189,"comment_status":"open","ping_status":"closed","template":"","meta":{"_acf_changed":false,"rs_blank_template":"","rs_page_bg_color":"","slide_template_v7":""},"product_brand":[],"product_cat":[340,322,329,361,355],"product_tag":[],"class_list":{"0":"post-11188","1":"product","2":"type-product","3":"status-publish","4":"has-post-thumbnail","6":"product_cat-besoins","7":"product_cat-familles","8":"product_cat-phytoserum","9":"product_cat-type-de-peau","10":"product_cat-visage","12":"first","13":"instock","14":"shipping-taxable","15":"purchasable","16":"product-type-simple"},"acf":[],"_links":{"self":[{"href":"https:\/\/esentialaroms.com\/fr\/wp-json\/wp\/v2\/product\/11188","targetHints":{"allow":["GET"]}}],"collection":[{"href":"https:\/\/esentialaroms.com\/fr\/wp-json\/wp\/v2\/product"}],"about":[{"href":"https:\/\/esentialaroms.com\/fr\/wp-json\/wp\/v2\/types\/product"}],"replies":[{"embeddable":true,"href":"https:\/\/esentialaroms.com\/fr\/wp-json\/wp\/v2\/comments?post=11188"}],"version-history":[{"count":1,"href":"https:\/\/esentialaroms.com\/fr\/wp-json\/wp\/v2\/product\/11188\/revisions"}],"predecessor-version":[{"id":11191,"href":"https:\/\/esentialaroms.com\/fr\/wp-json\/wp\/v2\/product\/11188\/revisions\/11191"}],"wp:featuredmedia":[{"embeddable":true,"href":"https:\/\/esentialaroms.com\/fr\/wp-json\/wp\/v2\/media\/11189"}],"wp:attachment":[{"href":"https:\/\/esentialaroms.com\/fr\/wp-json\/wp\/v2\/media?parent=11188"}],"wp:term":[{"taxonomy":"product_brand","embeddable":true,"href":"https:\/\/esentialaroms.com\/fr\/wp-json\/wp\/v2\/product_brand?post=11188"},{"taxonomy":"product_cat","embeddable":true,"href":"https:\/\/esentialaroms.com\/fr\/wp-json\/wp\/v2\/product_cat?post=11188"},{"taxonomy":"product_tag","embeddable":true,"href":"https:\/\/esentialaroms.com\/fr\/wp-json\/wp\/v2\/product_tag?post=11188"}],"curies":[{"name":"wp","href":"https:\/\/api.w.org\/{rel}","templated":true}]}}