{"id":11175,"date":"2026-05-07T12:40:40","date_gmt":"2026-05-07T10:40:40","guid":{"rendered":"https:\/\/esentialaroms.com\/productos\/phytocomplex-eclat-2\/"},"modified":"2026-05-07T14:21:41","modified_gmt":"2026-05-07T12:21:41","slug":"phytocomplex-eclat-2","status":"publish","type":"product","link":"https:\/\/esentialaroms.com\/fr\/productos\/phytocomplex-eclat-2\/","title":{"rendered":"Phytocomplex \u00c9CLAT"},"content":{"rendered":"<div>Concentr\u00e9 r\u00e9parateur. &nbsp;<\/div>\n<div>Deep balance UVA-DNA protect. &nbsp;<\/div>\n<div>Jour et nuit. &nbsp;<\/div>\n","protected":false},"excerpt":{"rendered":"<div>Lisse les rides profondes du visage &nbsp;<\/div>\n","protected":false},"featured_media":11176,"comment_status":"open","ping_status":"closed","template":"","meta":{"_acf_changed":false,"rs_blank_template":"","rs_page_bg_color":"","slide_template_v7":""},"product_brand":[],"product_cat":[340,322,329,358,361,355],"product_tag":[],"class_list":{"0":"post-11175","1":"product","2":"type-product","3":"status-publish","4":"has-post-thumbnail","6":"product_cat-besoins","7":"product_cat-familles","8":"product_cat-phytoserum","9":"product_cat-soins-de-la-peau","10":"product_cat-type-de-peau","11":"product_cat-visage","13":"first","14":"instock","15":"shipping-taxable","16":"purchasable","17":"product-type-simple"},"acf":[],"_links":{"self":[{"href":"https:\/\/esentialaroms.com\/fr\/wp-json\/wp\/v2\/product\/11175","targetHints":{"allow":["GET"]}}],"collection":[{"href":"https:\/\/esentialaroms.com\/fr\/wp-json\/wp\/v2\/product"}],"about":[{"href":"https:\/\/esentialaroms.com\/fr\/wp-json\/wp\/v2\/types\/product"}],"replies":[{"embeddable":true,"href":"https:\/\/esentialaroms.com\/fr\/wp-json\/wp\/v2\/comments?post=11175"}],"version-history":[{"count":1,"href":"https:\/\/esentialaroms.com\/fr\/wp-json\/wp\/v2\/product\/11175\/revisions"}],"predecessor-version":[{"id":11177,"href":"https:\/\/esentialaroms.com\/fr\/wp-json\/wp\/v2\/product\/11175\/revisions\/11177"}],"wp:featuredmedia":[{"embeddable":true,"href":"https:\/\/esentialaroms.com\/fr\/wp-json\/wp\/v2\/media\/11176"}],"wp:attachment":[{"href":"https:\/\/esentialaroms.com\/fr\/wp-json\/wp\/v2\/media?parent=11175"}],"wp:term":[{"taxonomy":"product_brand","embeddable":true,"href":"https:\/\/esentialaroms.com\/fr\/wp-json\/wp\/v2\/product_brand?post=11175"},{"taxonomy":"product_cat","embeddable":true,"href":"https:\/\/esentialaroms.com\/fr\/wp-json\/wp\/v2\/product_cat?post=11175"},{"taxonomy":"product_tag","embeddable":true,"href":"https:\/\/esentialaroms.com\/fr\/wp-json\/wp\/v2\/product_tag?post=11175"}],"curies":[{"name":"wp","href":"https:\/\/api.w.org\/{rel}","templated":true}]}}