{"id":11149,"date":"2026-05-07T12:40:35","date_gmt":"2026-05-07T10:40:35","guid":{"rendered":"https:\/\/esentialaroms.com\/productos\/s-caroteno-2\/"},"modified":"2026-05-07T14:21:40","modified_gmt":"2026-05-07T12:21:40","slug":"s-caroteno-2","status":"publish","type":"product","link":"https:\/\/esentialaroms.com\/fr\/productos\/s-caroteno-2\/","title":{"rendered":"\u00df-CAROT\u00c8NE"},"content":{"rendered":"<div>Compl\u00e9ment alimentaire \u00e0 base de \u00df-carot\u00e8ne et vitamines C et E. &nbsp;<\/div>\n<div>Les vitamines C et E contribuent \u00e0 prot\u00e9ger les cellules contre le stress oxydatif. &nbsp;<\/div>\n","protected":false},"excerpt":{"rendered":"<div>Compl\u00e9ment alimentaire \u00e0 base de \u00df-carot\u00e8ne naturel issu de l\u2019algue Dunaliella salina et de la carotte, avec vitamines C et E. Sa formulation apporte de la provitamine A et des antioxydants qui contribuent \u00e0 la protection cellulaire contre les dommages oxydatifs et au maintien normal de la peau. &nbsp;<\/div>\n","protected":false},"featured_media":11150,"comment_status":"open","ping_status":"closed","template":"","meta":{"_acf_changed":false,"rs_blank_template":"","rs_page_bg_color":"","slide_template_v7":""},"product_brand":[],"product_cat":[340,343,352,349,322,346,334],"product_tag":[],"class_list":{"0":"post-11149","1":"product","2":"type-product","3":"status-publish","4":"has-post-thumbnail","6":"product_cat-besoins","7":"product_cat-bien-etre","8":"product_cat-bronze","9":"product_cat-corps-et-visage","10":"product_cat-familles","11":"product_cat-le-bien-etre-des-femmes","12":"product_cat-solar-esential","14":"first","15":"instock","16":"shipping-taxable","17":"purchasable","18":"product-type-simple"},"acf":[],"_links":{"self":[{"href":"https:\/\/esentialaroms.com\/fr\/wp-json\/wp\/v2\/product\/11149","targetHints":{"allow":["GET"]}}],"collection":[{"href":"https:\/\/esentialaroms.com\/fr\/wp-json\/wp\/v2\/product"}],"about":[{"href":"https:\/\/esentialaroms.com\/fr\/wp-json\/wp\/v2\/types\/product"}],"replies":[{"embeddable":true,"href":"https:\/\/esentialaroms.com\/fr\/wp-json\/wp\/v2\/comments?post=11149"}],"version-history":[{"count":1,"href":"https:\/\/esentialaroms.com\/fr\/wp-json\/wp\/v2\/product\/11149\/revisions"}],"predecessor-version":[{"id":11151,"href":"https:\/\/esentialaroms.com\/fr\/wp-json\/wp\/v2\/product\/11149\/revisions\/11151"}],"wp:featuredmedia":[{"embeddable":true,"href":"https:\/\/esentialaroms.com\/fr\/wp-json\/wp\/v2\/media\/11150"}],"wp:attachment":[{"href":"https:\/\/esentialaroms.com\/fr\/wp-json\/wp\/v2\/media?parent=11149"}],"wp:term":[{"taxonomy":"product_brand","embeddable":true,"href":"https:\/\/esentialaroms.com\/fr\/wp-json\/wp\/v2\/product_brand?post=11149"},{"taxonomy":"product_cat","embeddable":true,"href":"https:\/\/esentialaroms.com\/fr\/wp-json\/wp\/v2\/product_cat?post=11149"},{"taxonomy":"product_tag","embeddable":true,"href":"https:\/\/esentialaroms.com\/fr\/wp-json\/wp\/v2\/product_tag?post=11149"}],"curies":[{"name":"wp","href":"https:\/\/api.w.org\/{rel}","templated":true}]}}