{"id":22407,"date":"2026-05-15T15:54:45","date_gmt":"2026-05-15T13:54:45","guid":{"rendered":"https:\/\/esentialaroms.com\/productos\/a-veg-lycorose-500-ml\/"},"modified":"2026-05-15T15:57:06","modified_gmt":"2026-05-15T13:57:06","slug":"a-veg-lycorose-500-ml","status":"publish","type":"product","link":"https:\/\/esentialaroms.com\/es\/productos\/a-veg-lycorose-500-ml\/","title":{"rendered":"A.VEG. LYCOROSE 500 ML"},"content":{"rendered":"<div>Fuente de licopeno, carotenoides y O3 vegetal (33 %) &nbsp;<\/div>\n","protected":false},"excerpt":{"rendered":"<div>Complemento alimenticio a base de rosa mosqueta, selecci\u00f3n. &nbsp;<\/div>\n<div>Aceite vegetal virgen de primera presi\u00f3n en fr\u00edo obtenido por procesos mec\u00e1nicos a partir de los frutos m\u00e1s rojos seleccionados, ya que su concentraci\u00f3n en LICOPENO es 8 veces superior a la del contenido en el aceite convencional. &nbsp;<\/div>\n","protected":false},"featured_media":21019,"comment_status":"open","ping_status":"closed","template":"","meta":{"_acf_changed":false,"rs_blank_template":"","rs_page_bg_color":"","slide_template_v7":""},"product_brand":[],"product_cat":[287,387],"product_tag":[],"class_list":{"0":"post-22407","1":"product","2":"type-product","3":"status-publish","4":"has-post-thumbnail","6":"product_cat-familias","7":"product_cat-lycorose","9":"first","10":"instock","11":"shipping-taxable","12":"purchasable","13":"product-type-simple"},"acf":[],"_links":{"self":[{"href":"https:\/\/esentialaroms.com\/es\/wp-json\/wp\/v2\/product\/22407","targetHints":{"allow":["GET"]}}],"collection":[{"href":"https:\/\/esentialaroms.com\/es\/wp-json\/wp\/v2\/product"}],"about":[{"href":"https:\/\/esentialaroms.com\/es\/wp-json\/wp\/v2\/types\/product"}],"replies":[{"embeddable":true,"href":"https:\/\/esentialaroms.com\/es\/wp-json\/wp\/v2\/comments?post=22407"}],"version-history":[{"count":0,"href":"https:\/\/esentialaroms.com\/es\/wp-json\/wp\/v2\/product\/22407\/revisions"}],"wp:featuredmedia":[{"embeddable":true,"href":"https:\/\/esentialaroms.com\/es\/wp-json\/wp\/v2\/media\/21019"}],"wp:attachment":[{"href":"https:\/\/esentialaroms.com\/es\/wp-json\/wp\/v2\/media?parent=22407"}],"wp:term":[{"taxonomy":"product_brand","embeddable":true,"href":"https:\/\/esentialaroms.com\/es\/wp-json\/wp\/v2\/product_brand?post=22407"},{"taxonomy":"product_cat","embeddable":true,"href":"https:\/\/esentialaroms.com\/es\/wp-json\/wp\/v2\/product_cat?post=22407"},{"taxonomy":"product_tag","embeddable":true,"href":"https:\/\/esentialaroms.com\/es\/wp-json\/wp\/v2\/product_tag?post=22407"}],"curies":[{"name":"wp","href":"https:\/\/api.w.org\/{rel}","templated":true}]}}