{"id":22353,"date":"2026-05-15T15:33:21","date_gmt":"2026-05-15T13:33:21","guid":{"rendered":"https:\/\/esentialaroms.com\/productos\/aceite-vegetal-virgen-de-granada\/"},"modified":"2026-05-15T15:57:05","modified_gmt":"2026-05-15T13:57:05","slug":"aceite-vegetal-virgen-de-granada","status":"publish","type":"product","link":"https:\/\/esentialaroms.com\/es\/productos\/aceite-vegetal-virgen-de-granada\/","title":{"rendered":"Aceite vegetal virgen de GRANADA"},"content":{"rendered":"<div>El aceite virgen de granada posee propiedades reparadoras, antioxidantes y estimula la regeneraci\u00f3n de la piel. Gracias a su alta concentraci\u00f3n de antioxidantes, ayuda a combatir el fotoenvejecimiento. Su riqueza en \u00e1cido pun\u00edcico forma una pel\u00edcula sobre la piel que reduce la p\u00e9rdida de agua transepid\u00e9rmica (TEWL), favoreciendo as\u00ed el mantenimiento \u00f3ptimo de la hidrataci\u00f3n en la epidermis. Adem\u00e1s, mejora la estructura del cemento intercelular natural de la piel, proporcionando un efecto antiedad de forma natural. &nbsp;<\/div>\n","protected":false},"excerpt":{"rendered":"<div>Aceite vegetal \u00fanico para reparar y proteger la piel del sol y del envejecimiento cut\u00e1neo. Favorece tambi\u00e9n el mantenimiento de la hidrataci\u00f3n natural de la piel &nbsp;<\/div>\n","protected":false},"featured_media":22355,"comment_status":"open","ping_status":"closed","template":"","meta":{"_acf_changed":false,"rs_blank_template":"","rs_page_bg_color":"","slide_template_v7":""},"product_brand":[],"product_cat":[297,286],"product_tag":[],"class_list":{"0":"post-22353","1":"product","2":"type-product","3":"status-publish","4":"has-post-thumbnail","6":"product_cat-aceites-vegetales","7":"product_cat-aromaterapia","9":"first","10":"instock","11":"shipping-taxable","12":"purchasable","13":"product-type-simple"},"acf":[],"_links":{"self":[{"href":"https:\/\/esentialaroms.com\/es\/wp-json\/wp\/v2\/product\/22353","targetHints":{"allow":["GET"]}}],"collection":[{"href":"https:\/\/esentialaroms.com\/es\/wp-json\/wp\/v2\/product"}],"about":[{"href":"https:\/\/esentialaroms.com\/es\/wp-json\/wp\/v2\/types\/product"}],"replies":[{"embeddable":true,"href":"https:\/\/esentialaroms.com\/es\/wp-json\/wp\/v2\/comments?post=22353"}],"version-history":[{"count":0,"href":"https:\/\/esentialaroms.com\/es\/wp-json\/wp\/v2\/product\/22353\/revisions"}],"wp:featuredmedia":[{"embeddable":true,"href":"https:\/\/esentialaroms.com\/es\/wp-json\/wp\/v2\/media\/22355"}],"wp:attachment":[{"href":"https:\/\/esentialaroms.com\/es\/wp-json\/wp\/v2\/media?parent=22353"}],"wp:term":[{"taxonomy":"product_brand","embeddable":true,"href":"https:\/\/esentialaroms.com\/es\/wp-json\/wp\/v2\/product_brand?post=22353"},{"taxonomy":"product_cat","embeddable":true,"href":"https:\/\/esentialaroms.com\/es\/wp-json\/wp\/v2\/product_cat?post=22353"},{"taxonomy":"product_tag","embeddable":true,"href":"https:\/\/esentialaroms.com\/es\/wp-json\/wp\/v2\/product_tag?post=22353"}],"curies":[{"name":"wp","href":"https:\/\/api.w.org\/{rel}","templated":true}]}}