{"id":22350,"date":"2026-05-15T15:33:18","date_gmt":"2026-05-15T13:33:18","guid":{"rendered":"https:\/\/esentialaroms.com\/productos\/aceite-vegetal-virgen-de-espino-amarillo\/"},"modified":"2026-05-15T15:57:04","modified_gmt":"2026-05-15T13:57:04","slug":"aceite-vegetal-virgen-de-espino-amarillo","status":"publish","type":"product","link":"https:\/\/esentialaroms.com\/es\/productos\/aceite-vegetal-virgen-de-espino-amarillo\/","title":{"rendered":"Aceite vegetal virgen de ESPINO AMARILLO"},"content":{"rendered":"<div>El aceite vegetal de espino amarillo se obtiene mediante un proceso de extracci\u00f3n con CO2 supercr\u00edtico a partir de di\u00f3xido de carbono natural. Este m\u00e9todo innovador permite extraer el aceite sin el uso de disolventes qu\u00edmicos ni calor excesivo, lo que favorece la conservaci\u00f3n del \u00e1cido palmitoleico (O7), as\u00ed como de los antioxidantes naturales presentes en el fruto. A diferencia de los m\u00e9todos tradicionales, esta t\u00e9cnica avanzada garantiza la preservaci\u00f3n del valioso \u00e1cido graso O7, que podr\u00eda degradarse o perderse durante otros tipos de extracci\u00f3n. Gracias a esta tecnolog\u00eda, se obtiene un aceite de alta calidad, con un contenido medio en \u00e1cido palmitoleico del 33%. &nbsp;<\/div>\n","protected":false},"excerpt":{"rendered":"<div>Complemento alimenticio a base de aceite vegetal de espino amarillo. Fuente de O7 (\u00e1cido palmitoleico). Aceite obtenido por primera presi\u00f3n en fr\u00edo de los frutos de espino amarillo. &nbsp;<\/div>\n","protected":false},"featured_media":22351,"comment_status":"open","ping_status":"closed","template":"","meta":{"_acf_changed":false,"rs_blank_template":"","rs_page_bg_color":"","slide_template_v7":""},"product_brand":[],"product_cat":[297,286],"product_tag":[],"class_list":{"0":"post-22350","1":"product","2":"type-product","3":"status-publish","4":"has-post-thumbnail","6":"product_cat-aceites-vegetales","7":"product_cat-aromaterapia","9":"first","10":"instock","11":"shipping-taxable","12":"purchasable","13":"product-type-simple"},"acf":[],"_links":{"self":[{"href":"https:\/\/esentialaroms.com\/es\/wp-json\/wp\/v2\/product\/22350","targetHints":{"allow":["GET"]}}],"collection":[{"href":"https:\/\/esentialaroms.com\/es\/wp-json\/wp\/v2\/product"}],"about":[{"href":"https:\/\/esentialaroms.com\/es\/wp-json\/wp\/v2\/types\/product"}],"replies":[{"embeddable":true,"href":"https:\/\/esentialaroms.com\/es\/wp-json\/wp\/v2\/comments?post=22350"}],"version-history":[{"count":0,"href":"https:\/\/esentialaroms.com\/es\/wp-json\/wp\/v2\/product\/22350\/revisions"}],"wp:featuredmedia":[{"embeddable":true,"href":"https:\/\/esentialaroms.com\/es\/wp-json\/wp\/v2\/media\/22351"}],"wp:attachment":[{"href":"https:\/\/esentialaroms.com\/es\/wp-json\/wp\/v2\/media?parent=22350"}],"wp:term":[{"taxonomy":"product_brand","embeddable":true,"href":"https:\/\/esentialaroms.com\/es\/wp-json\/wp\/v2\/product_brand?post=22350"},{"taxonomy":"product_cat","embeddable":true,"href":"https:\/\/esentialaroms.com\/es\/wp-json\/wp\/v2\/product_cat?post=22350"},{"taxonomy":"product_tag","embeddable":true,"href":"https:\/\/esentialaroms.com\/es\/wp-json\/wp\/v2\/product_tag?post=22350"}],"curies":[{"name":"wp","href":"https:\/\/api.w.org\/{rel}","templated":true}]}}