{"id":22347,"date":"2026-05-15T15:33:16","date_gmt":"2026-05-15T13:33:16","guid":{"rendered":"https:\/\/esentialaroms.com\/productos\/aceite-vegetal-virgen-de-semilla-de-calabaza\/"},"modified":"2026-05-15T15:57:04","modified_gmt":"2026-05-15T13:57:04","slug":"aceite-vegetal-virgen-de-semilla-de-calabaza","status":"publish","type":"product","link":"https:\/\/esentialaroms.com\/es\/productos\/aceite-vegetal-virgen-de-semilla-de-calabaza\/","title":{"rendered":"Aceite vegetal virgen de SEMILLA DE CALABAZA"},"content":{"rendered":"<div>Complemento alimenticio a base de aceite vegetal de semilla de calabaza. Aceite vegetal obtenido por presi\u00f3n en frio de las semillas de calabaza. &nbsp;<\/div>\n","protected":false},"excerpt":{"rendered":"<div>Aceite vegetal virgen obtenido por primera presi\u00f3n en fr\u00edo de semillas de calabaza, de origen 100 % natural. Aporta de forma natural \u00e1cidos grasos insaturados omega 3, 6 y 9, integr\u00e1ndose f\u00e1cilmente en la alimentaci\u00f3n diaria como complemento nutricional. &nbsp;<\/div>\n","protected":false},"featured_media":22348,"comment_status":"open","ping_status":"closed","template":"","meta":{"_acf_changed":false,"rs_blank_template":"","rs_page_bg_color":"","slide_template_v7":""},"product_brand":[],"product_cat":[297,286],"product_tag":[],"class_list":{"0":"post-22347","1":"product","2":"type-product","3":"status-publish","4":"has-post-thumbnail","6":"product_cat-aceites-vegetales","7":"product_cat-aromaterapia","9":"first","10":"instock","11":"shipping-taxable","12":"purchasable","13":"product-type-simple"},"acf":[],"_links":{"self":[{"href":"https:\/\/esentialaroms.com\/es\/wp-json\/wp\/v2\/product\/22347","targetHints":{"allow":["GET"]}}],"collection":[{"href":"https:\/\/esentialaroms.com\/es\/wp-json\/wp\/v2\/product"}],"about":[{"href":"https:\/\/esentialaroms.com\/es\/wp-json\/wp\/v2\/types\/product"}],"replies":[{"embeddable":true,"href":"https:\/\/esentialaroms.com\/es\/wp-json\/wp\/v2\/comments?post=22347"}],"version-history":[{"count":0,"href":"https:\/\/esentialaroms.com\/es\/wp-json\/wp\/v2\/product\/22347\/revisions"}],"wp:featuredmedia":[{"embeddable":true,"href":"https:\/\/esentialaroms.com\/es\/wp-json\/wp\/v2\/media\/22348"}],"wp:attachment":[{"href":"https:\/\/esentialaroms.com\/es\/wp-json\/wp\/v2\/media?parent=22347"}],"wp:term":[{"taxonomy":"product_brand","embeddable":true,"href":"https:\/\/esentialaroms.com\/es\/wp-json\/wp\/v2\/product_brand?post=22347"},{"taxonomy":"product_cat","embeddable":true,"href":"https:\/\/esentialaroms.com\/es\/wp-json\/wp\/v2\/product_cat?post=22347"},{"taxonomy":"product_tag","embeddable":true,"href":"https:\/\/esentialaroms.com\/es\/wp-json\/wp\/v2\/product_tag?post=22347"}],"curies":[{"name":"wp","href":"https:\/\/api.w.org\/{rel}","templated":true}]}}