{"id":21470,"date":"2026-05-15T12:09:11","date_gmt":"2026-05-15T10:09:11","guid":{"rendered":"https:\/\/esentialaroms.com\/productos\/locion-limpiadora-manzanilla\/"},"modified":"2026-05-15T15:55:29","modified_gmt":"2026-05-15T13:55:29","slug":"locion-limpiadora-manzanilla","status":"publish","type":"product","link":"https:\/\/esentialaroms.com\/es\/productos\/locion-limpiadora-manzanilla\/","title":{"rendered":"LOCI\u00d3N LIMPIADORA MANZANILLA"},"content":{"rendered":"","protected":false},"excerpt":{"rendered":"<div>La loci\u00f3n limpiadora a la manzanilla es una f\u00f3rmula adaptada a las necesidades espec\u00edficas de la piel sensible. Limpia (rostro, ojos y labios), calma, equilibra, reduce la sensibilidad, la rojez y la tirantez, y puede usarse en todo tipo de piel. &nbsp;<\/div>\n","protected":false},"featured_media":21471,"comment_status":"open","ping_status":"closed","template":"","meta":{"_acf_changed":false,"rs_blank_template":"","rs_page_bg_color":"","slide_template_v7":""},"product_brand":[],"product_cat":[554,289,380,288,287,285,290],"product_tag":[],"class_list":{"0":"post-21470","1":"product","2":"type-product","3":"status-publish","4":"has-post-thumbnail","6":"product_cat-best-sellers","7":"product_cat-cuidado-de-la-piel","8":"product_cat-dermoesential","9":"product_cat-facial","10":"product_cat-familias","11":"product_cat-necesidad","12":"product_cat-tipo-de-piel","14":"first","15":"instock","16":"shipping-taxable","17":"purchasable","18":"product-type-simple"},"acf":[],"_links":{"self":[{"href":"https:\/\/esentialaroms.com\/es\/wp-json\/wp\/v2\/product\/21470","targetHints":{"allow":["GET"]}}],"collection":[{"href":"https:\/\/esentialaroms.com\/es\/wp-json\/wp\/v2\/product"}],"about":[{"href":"https:\/\/esentialaroms.com\/es\/wp-json\/wp\/v2\/types\/product"}],"replies":[{"embeddable":true,"href":"https:\/\/esentialaroms.com\/es\/wp-json\/wp\/v2\/comments?post=21470"}],"version-history":[{"count":0,"href":"https:\/\/esentialaroms.com\/es\/wp-json\/wp\/v2\/product\/21470\/revisions"}],"wp:featuredmedia":[{"embeddable":true,"href":"https:\/\/esentialaroms.com\/es\/wp-json\/wp\/v2\/media\/21471"}],"wp:attachment":[{"href":"https:\/\/esentialaroms.com\/es\/wp-json\/wp\/v2\/media?parent=21470"}],"wp:term":[{"taxonomy":"product_brand","embeddable":true,"href":"https:\/\/esentialaroms.com\/es\/wp-json\/wp\/v2\/product_brand?post=21470"},{"taxonomy":"product_cat","embeddable":true,"href":"https:\/\/esentialaroms.com\/es\/wp-json\/wp\/v2\/product_cat?post=21470"},{"taxonomy":"product_tag","embeddable":true,"href":"https:\/\/esentialaroms.com\/es\/wp-json\/wp\/v2\/product_tag?post=21470"}],"curies":[{"name":"wp","href":"https:\/\/api.w.org\/{rel}","templated":true}]}}