{"id":20847,"date":"2026-05-13T09:54:50","date_gmt":"2026-05-13T07:54:50","guid":{"rendered":"https:\/\/esentialaroms.com\/productos\/hidrogel-hialuronic-%c2%b71%c2%b7\/"},"modified":"2026-05-13T09:54:50","modified_gmt":"2026-05-13T07:54:50","slug":"hidrogel-hialuronic-%c2%b71%c2%b7","status":"publish","type":"product","link":"https:\/\/esentialaroms.com\/es\/productos\/hidrogel-hialuronic-%c2%b71%c2%b7\/","title":{"rendered":"HIDROGEL HIALURONIC \u00b71\u00b7"},"content":{"rendered":"","protected":false},"excerpt":{"rendered":"<div>Descubre un cuidado natural en gel superhidratante y suavizante inmediato de la piel, que puedes usar directamente en las zonas m\u00e1s secas y tambi\u00e9n para enriquecer tu s\u00e9rum o crema de d\u00eda. Te ayudar\u00e1 a fortalecer la funci\u00f3n barrera de la piel de forma totalmente natural. Contiene un 1% de \u00e1cido hialur\u00f3nico de origen vegetal y plantas con efectos suavizantes de la rugosidad y reductores de la descamaci\u00f3n. Sus efectos se notan desde la primera aplicaci\u00f3n. &nbsp;<\/div>\n","protected":false},"featured_media":20848,"comment_status":"open","ping_status":"closed","template":"","meta":{"_acf_changed":false,"rs_blank_template":"","rs_page_bg_color":"","slide_template_v7":""},"product_brand":[],"product_cat":[380,287],"product_tag":[],"class_list":{"0":"post-20847","1":"product","2":"type-product","3":"status-publish","4":"has-post-thumbnail","6":"product_cat-dermoesential","7":"product_cat-familias","9":"first","10":"instock","11":"shipping-taxable","12":"purchasable","13":"product-type-simple"},"acf":[],"_links":{"self":[{"href":"https:\/\/esentialaroms.com\/es\/wp-json\/wp\/v2\/product\/20847","targetHints":{"allow":["GET"]}}],"collection":[{"href":"https:\/\/esentialaroms.com\/es\/wp-json\/wp\/v2\/product"}],"about":[{"href":"https:\/\/esentialaroms.com\/es\/wp-json\/wp\/v2\/types\/product"}],"replies":[{"embeddable":true,"href":"https:\/\/esentialaroms.com\/es\/wp-json\/wp\/v2\/comments?post=20847"}],"version-history":[{"count":0,"href":"https:\/\/esentialaroms.com\/es\/wp-json\/wp\/v2\/product\/20847\/revisions"}],"wp:featuredmedia":[{"embeddable":true,"href":"https:\/\/esentialaroms.com\/es\/wp-json\/wp\/v2\/media\/20848"}],"wp:attachment":[{"href":"https:\/\/esentialaroms.com\/es\/wp-json\/wp\/v2\/media?parent=20847"}],"wp:term":[{"taxonomy":"product_brand","embeddable":true,"href":"https:\/\/esentialaroms.com\/es\/wp-json\/wp\/v2\/product_brand?post=20847"},{"taxonomy":"product_cat","embeddable":true,"href":"https:\/\/esentialaroms.com\/es\/wp-json\/wp\/v2\/product_cat?post=20847"},{"taxonomy":"product_tag","embeddable":true,"href":"https:\/\/esentialaroms.com\/es\/wp-json\/wp\/v2\/product_tag?post=20847"}],"curies":[{"name":"wp","href":"https:\/\/api.w.org\/{rel}","templated":true}]}}