{"id":20708,"date":"2026-05-13T09:53:52","date_gmt":"2026-05-13T07:53:52","guid":{"rendered":"https:\/\/esentialaroms.com\/productos\/esential-emotions-humidificador-de-bolsillo-30-ml\/"},"modified":"2026-05-13T09:53:52","modified_gmt":"2026-05-13T07:53:52","slug":"esential-emotions-humidificador-de-bolsillo-30-ml","status":"publish","type":"product","link":"https:\/\/esentialaroms.com\/es\/productos\/esential-emotions-humidificador-de-bolsillo-30-ml\/","title":{"rendered":"ESENTIAL EMOTIONS humidificador de bolsillo 30 ml"},"content":{"rendered":"<div>Este humidificador con tecnolog\u00eda ultras\u00f3nica difunde los aceites esenciales de manera natural y pura. Gracias a su pr\u00e1ctico formato, puedes utilizarlo en cualquier lugar, tanto en el interior como en el exterior. &nbsp;<\/div>\n<div>\u00a1Ll\u00e9valo siempre contigo para despertar tus emociones y crear el ambiente que necesites! &nbsp;<\/div>\n<div>Adem\u00e1s, Esential&#8217;ar\u00f4ms dispone de una colecci\u00f3n de sinergias arom\u00e1ticas y una amplia gama de aceites esenciales para difundir. &nbsp;<\/div>\n","protected":false},"excerpt":{"rendered":"<div>Ll\u00e9vatelo siempre contigo para despertar tus emociones y crear el ambiente que necesites. &nbsp;<\/div>\n","protected":false},"featured_media":20709,"comment_status":"open","ping_status":"closed","template":"","meta":{"_acf_changed":false,"rs_blank_template":"","rs_page_bg_color":"","slide_template_v7":""},"product_brand":[],"product_cat":[286,299],"product_tag":[],"class_list":{"0":"post-20708","1":"product","2":"type-product","3":"status-publish","4":"has-post-thumbnail","6":"product_cat-aromaterapia","7":"product_cat-esential-diffusion-sinergias-aromaticas","9":"first","10":"instock","11":"shipping-taxable","12":"purchasable","13":"product-type-simple"},"acf":[],"_links":{"self":[{"href":"https:\/\/esentialaroms.com\/es\/wp-json\/wp\/v2\/product\/20708","targetHints":{"allow":["GET"]}}],"collection":[{"href":"https:\/\/esentialaroms.com\/es\/wp-json\/wp\/v2\/product"}],"about":[{"href":"https:\/\/esentialaroms.com\/es\/wp-json\/wp\/v2\/types\/product"}],"replies":[{"embeddable":true,"href":"https:\/\/esentialaroms.com\/es\/wp-json\/wp\/v2\/comments?post=20708"}],"version-history":[{"count":0,"href":"https:\/\/esentialaroms.com\/es\/wp-json\/wp\/v2\/product\/20708\/revisions"}],"wp:featuredmedia":[{"embeddable":true,"href":"https:\/\/esentialaroms.com\/es\/wp-json\/wp\/v2\/media\/20709"}],"wp:attachment":[{"href":"https:\/\/esentialaroms.com\/es\/wp-json\/wp\/v2\/media?parent=20708"}],"wp:term":[{"taxonomy":"product_brand","embeddable":true,"href":"https:\/\/esentialaroms.com\/es\/wp-json\/wp\/v2\/product_brand?post=20708"},{"taxonomy":"product_cat","embeddable":true,"href":"https:\/\/esentialaroms.com\/es\/wp-json\/wp\/v2\/product_cat?post=20708"},{"taxonomy":"product_tag","embeddable":true,"href":"https:\/\/esentialaroms.com\/es\/wp-json\/wp\/v2\/product_tag?post=20708"}],"curies":[{"name":"wp","href":"https:\/\/api.w.org\/{rel}","templated":true}]}}