{"id":20667,"date":"2026-05-13T09:53:39","date_gmt":"2026-05-13T07:53:39","guid":{"rendered":"https:\/\/esentialaroms.com\/productos\/my-essential-kit-defensas\/"},"modified":"2026-05-13T09:53:39","modified_gmt":"2026-05-13T07:53:39","slug":"my-essential-kit-defensas","status":"publish","type":"product","link":"https:\/\/esentialaroms.com\/es\/productos\/my-essential-kit-defensas\/","title":{"rendered":"My Essential Kit DEFENSAS"},"content":{"rendered":"<div>Descubre My Essential Kit DEFENSAS, con el que te llevas 5 aceites esenciales, 6 f\u00f3rmulas de aromaterapia que elaborar\u00e1s t\u00fa mism@ y 4 aplicaciones m\u00e1s. &nbsp;<\/div>\n<div>Aprende las propiedades y aplicaciones de 5 aceites esenciales y c\u00f3mo hacer muchas m\u00e1s f\u00f3rmulas. &nbsp;<\/div>\n","protected":false},"excerpt":{"rendered":"<div>Kit para iniciarte en la aromaterapia cient\u00edfica y crear tus propias f\u00f3rmulas. Con este kit podr\u00e1s descubrir las propiedades de 5 aceites esenciales y, gracias al material que contiene, podr\u00e1s desarrollar t\u00fa mism@ 6 productos diferentes, as\u00ed como otras 4 aplicaciones, que te ayudar\u00e1n a afrontar la estaci\u00f3n invernal y a protegerte de los agresores externos a trav\u00e9s de las propiedades antimicrobianas \u00fanicas de sus aceites esenciales. &nbsp;<\/div>\n","protected":false},"featured_media":20668,"comment_status":"open","ping_status":"closed","template":"","meta":{"_acf_changed":false,"rs_blank_template":"","rs_page_bg_color":"","slide_template_v7":""},"product_brand":[],"product_cat":[286,392,553],"product_tag":[],"class_list":{"0":"post-20667","1":"product","2":"type-product","3":"status-publish","4":"has-post-thumbnail","6":"product_cat-aromaterapia","7":"product_cat-my-esential-kit","8":"product_cat-novedades","10":"first","11":"instock","12":"shipping-taxable","13":"purchasable","14":"product-type-simple"},"acf":[],"_links":{"self":[{"href":"https:\/\/esentialaroms.com\/es\/wp-json\/wp\/v2\/product\/20667","targetHints":{"allow":["GET"]}}],"collection":[{"href":"https:\/\/esentialaroms.com\/es\/wp-json\/wp\/v2\/product"}],"about":[{"href":"https:\/\/esentialaroms.com\/es\/wp-json\/wp\/v2\/types\/product"}],"replies":[{"embeddable":true,"href":"https:\/\/esentialaroms.com\/es\/wp-json\/wp\/v2\/comments?post=20667"}],"version-history":[{"count":0,"href":"https:\/\/esentialaroms.com\/es\/wp-json\/wp\/v2\/product\/20667\/revisions"}],"wp:featuredmedia":[{"embeddable":true,"href":"https:\/\/esentialaroms.com\/es\/wp-json\/wp\/v2\/media\/20668"}],"wp:attachment":[{"href":"https:\/\/esentialaroms.com\/es\/wp-json\/wp\/v2\/media?parent=20667"}],"wp:term":[{"taxonomy":"product_brand","embeddable":true,"href":"https:\/\/esentialaroms.com\/es\/wp-json\/wp\/v2\/product_brand?post=20667"},{"taxonomy":"product_cat","embeddable":true,"href":"https:\/\/esentialaroms.com\/es\/wp-json\/wp\/v2\/product_cat?post=20667"},{"taxonomy":"product_tag","embeddable":true,"href":"https:\/\/esentialaroms.com\/es\/wp-json\/wp\/v2\/product_tag?post=20667"}],"curies":[{"name":"wp","href":"https:\/\/api.w.org\/{rel}","templated":true}]}}