{"id":20570,"date":"2026-05-13T09:52:48","date_gmt":"2026-05-13T07:52:48","guid":{"rendered":"https:\/\/esentialaroms.com\/productos\/esential-zen-humidificador-250-ml-con-cromoterapia\/"},"modified":"2026-05-13T09:52:48","modified_gmt":"2026-05-13T07:52:48","slug":"esential-zen-humidificador-250-ml-con-cromoterapia","status":"publish","type":"product","link":"https:\/\/esentialaroms.com\/es\/productos\/esential-zen-humidificador-250-ml-con-cromoterapia\/","title":{"rendered":"ESENTIAL-ZEN humidificador 250 ml con cromoterapia"},"content":{"rendered":"<div>ESENTIAL-ZEN\u00ae es un difusor y humidificador ultras\u00f3nico que permite la difusi\u00f3n de agua y aceites esenciales de forma instant\u00e1nea. Adem\u00e1s, emite una luz ambiente que va cambiando de color. Con ESENTIAL-ZEN\u00ae podr\u00e1s crear diferentes espacios saludables en tu casa y descubrir, a trav\u00e9s de la gu\u00eda de Feng Shui y aromaterapia, c\u00f3mo usar los aceites esenciales y el kit de 3 sinergias arom\u00e1ticas para harmonizar tu casa e influir positivamente en las actividades que se realizan en cada espacio de tu hogar. \u201cUn lujo para los sentidos y una oportunidad para potenciar, en cada ocasi\u00f3n, tu bienestar y el de los tuyos.\u201d &nbsp;<\/div>\n","protected":false},"excerpt":{"rendered":"<div>Difunde agua y aceites esenciales de forma instant\u00e1nea gracias a su tecnolog\u00eda ultras\u00f3nica. Adem\u00e1s, emite una luz ambiente que cambia de color. &nbsp;<\/div>\n","protected":false},"featured_media":20571,"comment_status":"open","ping_status":"closed","template":"","meta":{"_acf_changed":false,"rs_blank_template":"","rs_page_bg_color":"","slide_template_v7":""},"product_brand":[],"product_cat":[286,299,296,295,285],"product_tag":[],"class_list":{"0":"post-20570","1":"product","2":"type-product","3":"status-publish","4":"has-post-thumbnail","6":"product_cat-aromaterapia","7":"product_cat-esential-diffusion-sinergias-aromaticas","8":"product_cat-masaje-antiestres-y-antifatiga","9":"product_cat-masajes-terapeuticos","10":"product_cat-necesidad","12":"first","13":"instock","14":"shipping-taxable","15":"purchasable","16":"product-type-simple"},"acf":[],"_links":{"self":[{"href":"https:\/\/esentialaroms.com\/es\/wp-json\/wp\/v2\/product\/20570","targetHints":{"allow":["GET"]}}],"collection":[{"href":"https:\/\/esentialaroms.com\/es\/wp-json\/wp\/v2\/product"}],"about":[{"href":"https:\/\/esentialaroms.com\/es\/wp-json\/wp\/v2\/types\/product"}],"replies":[{"embeddable":true,"href":"https:\/\/esentialaroms.com\/es\/wp-json\/wp\/v2\/comments?post=20570"}],"version-history":[{"count":0,"href":"https:\/\/esentialaroms.com\/es\/wp-json\/wp\/v2\/product\/20570\/revisions"}],"wp:featuredmedia":[{"embeddable":true,"href":"https:\/\/esentialaroms.com\/es\/wp-json\/wp\/v2\/media\/20571"}],"wp:attachment":[{"href":"https:\/\/esentialaroms.com\/es\/wp-json\/wp\/v2\/media?parent=20570"}],"wp:term":[{"taxonomy":"product_brand","embeddable":true,"href":"https:\/\/esentialaroms.com\/es\/wp-json\/wp\/v2\/product_brand?post=20570"},{"taxonomy":"product_cat","embeddable":true,"href":"https:\/\/esentialaroms.com\/es\/wp-json\/wp\/v2\/product_cat?post=20570"},{"taxonomy":"product_tag","embeddable":true,"href":"https:\/\/esentialaroms.com\/es\/wp-json\/wp\/v2\/product_tag?post=20570"}],"curies":[{"name":"wp","href":"https:\/\/api.w.org\/{rel}","templated":true}]}}