{"id":20429,"date":"2026-05-13T09:52:02","date_gmt":"2026-05-13T07:52:02","guid":{"rendered":"https:\/\/esentialaroms.com\/productos\/aceite-de-masaje-pies-confort-1-litro\/"},"modified":"2026-05-13T09:52:02","modified_gmt":"2026-05-13T07:52:02","slug":"aceite-de-masaje-pies-confort-1-litro","status":"publish","type":"product","link":"https:\/\/esentialaroms.com\/es\/productos\/aceite-de-masaje-pies-confort-1-litro\/","title":{"rendered":"Aceite de masaje PIES CONFORT 1 litro"},"content":{"rendered":"<div>El masaje aromaterap\u00e9utico constituye una oportunidad de transformaci\u00f3n personal, una herramienta \u00fanica de salud cuerpo-mente. A trav\u00e9s del auto-masaje Pies Cansados, vamos a tratar de eliminar la fatiga y el dolor de pies, mejorando la circulaci\u00f3n global del pie, y adem\u00e1s estimularemos las zonas reflejas. &nbsp;<\/div>\n","protected":false},"excerpt":{"rendered":"<div>El aceite de masaje aromaterap\u00e9utico PIES CONFORT contiene aceites esenciales espec\u00edficos que mejoran la circulaci\u00f3n sangu\u00ednea y linf\u00e1tica del pie, descongestionan, refrescan y desinflaman el pie, proporcionando una sensaci\u00f3n de bienestar y alivio inmediato del dolor de pies. Contiene los aceites esenciales de cipr\u00e9s, menta piperita, y lavandina. Todos ellos se asocian a una sinergia de aceites vegetales v\u00edrgenes con propiedades espec\u00edficas como son nuez de albaricoque, almendras dulces y pepita de uva. &nbsp;<\/div>\n","protected":false},"featured_media":20430,"comment_status":"open","ping_status":"closed","template":"","meta":{"_acf_changed":false,"rs_blank_template":"","rs_page_bg_color":"","slide_template_v7":""},"product_brand":[],"product_cat":[378,379,287,408,295,391,285,411],"product_tag":[],"class_list":{"0":"post-20429","1":"product","2":"type-product","3":"status-publish","4":"has-post-thumbnail","6":"product_cat-corporal","7":"product_cat-deportistas","8":"product_cat-familias","9":"product_cat-masaje-adultos","10":"product_cat-masajes-terapeuticos","11":"product_cat-massage-oil","12":"product_cat-necesidad","13":"product_cat-piernas-y-pies","15":"first","16":"instock","17":"shipping-taxable","18":"purchasable","19":"product-type-simple"},"acf":[],"_links":{"self":[{"href":"https:\/\/esentialaroms.com\/es\/wp-json\/wp\/v2\/product\/20429","targetHints":{"allow":["GET"]}}],"collection":[{"href":"https:\/\/esentialaroms.com\/es\/wp-json\/wp\/v2\/product"}],"about":[{"href":"https:\/\/esentialaroms.com\/es\/wp-json\/wp\/v2\/types\/product"}],"replies":[{"embeddable":true,"href":"https:\/\/esentialaroms.com\/es\/wp-json\/wp\/v2\/comments?post=20429"}],"version-history":[{"count":0,"href":"https:\/\/esentialaroms.com\/es\/wp-json\/wp\/v2\/product\/20429\/revisions"}],"wp:featuredmedia":[{"embeddable":true,"href":"https:\/\/esentialaroms.com\/es\/wp-json\/wp\/v2\/media\/20430"}],"wp:attachment":[{"href":"https:\/\/esentialaroms.com\/es\/wp-json\/wp\/v2\/media?parent=20429"}],"wp:term":[{"taxonomy":"product_brand","embeddable":true,"href":"https:\/\/esentialaroms.com\/es\/wp-json\/wp\/v2\/product_brand?post=20429"},{"taxonomy":"product_cat","embeddable":true,"href":"https:\/\/esentialaroms.com\/es\/wp-json\/wp\/v2\/product_cat?post=20429"},{"taxonomy":"product_tag","embeddable":true,"href":"https:\/\/esentialaroms.com\/es\/wp-json\/wp\/v2\/product_tag?post=20429"}],"curies":[{"name":"wp","href":"https:\/\/api.w.org\/{rel}","templated":true}]}}