{"id":20382,"date":"2026-05-13T09:51:43","date_gmt":"2026-05-13T07:51:43","guid":{"rendered":"https:\/\/esentialaroms.com\/productos\/celulit-control-ventosa\/"},"modified":"2026-05-13T09:51:43","modified_gmt":"2026-05-13T07:51:43","slug":"celulit-control-ventosa","status":"publish","type":"product","link":"https:\/\/esentialaroms.com\/es\/productos\/celulit-control-ventosa\/","title":{"rendered":"CELULIT control + Ventosa"},"content":{"rendered":"<div>El masaje aromaterap\u00e9utico constituye una oportunidad de transformaci\u00f3n personal, una herramienta \u00fanica de salud cuerpo-mente. El Aceite de Masaje Celulit, te ayudar\u00e1 a definir tu figura.<\/div>\n","protected":false},"excerpt":{"rendered":"<div>Ayuda a definir tu figura.<\/div>\n<div>Aceites vegetales de 1.\u00aa presi\u00f3n en fr\u00edo de macadamia, s\u00e9samo, girasol, almendra y avellana; extractos lip\u00eddicos o macerados de Fucus vesiculosus y hiedra; aceites esenciales (A.E.B.B.D.*) de palmarosa, abeto de Siberia, eucalipto, salvia, cipr\u00e9s, cajeput, zanahoria, laurel, enebro, geranio y lemongrass; vitamina E natural. *Aceites Esenciales Bot\u00e1nica y Bioqu\u00edmicamente Definidos.<\/div>\n<div>Los aceites de masaje arom\u00e1ticos que os ofrecemos se componen de una base vegetal o aceite vehicular de 1.\u00aa presi\u00f3n en fr\u00edo \u201cafrutado\u201d donde se ha diluido una mezcla de Aceites Esenciales Bot\u00e1nica y Bioqu\u00edmicamente Definidos espec\u00edficos para conseguir un efecto de confort y bienestar.<\/div>\n","protected":false},"featured_media":20383,"comment_status":"open","ping_status":"closed","template":"","meta":{"_acf_changed":false,"rs_blank_template":"","rs_page_bg_color":"","slide_template_v7":""},"product_brand":[],"product_cat":[372,378,287,285,414],"product_tag":[],"class_list":{"0":"post-20382","1":"product","2":"type-product","3":"status-publish","4":"has-post-thumbnail","6":"product_cat-anticelulitis","7":"product_cat-corporal","8":"product_cat-familias","9":"product_cat-necesidad","10":"product_cat-silueta","12":"first","13":"instock","14":"shipping-taxable","15":"purchasable","16":"product-type-simple"},"acf":[],"_links":{"self":[{"href":"https:\/\/esentialaroms.com\/es\/wp-json\/wp\/v2\/product\/20382","targetHints":{"allow":["GET"]}}],"collection":[{"href":"https:\/\/esentialaroms.com\/es\/wp-json\/wp\/v2\/product"}],"about":[{"href":"https:\/\/esentialaroms.com\/es\/wp-json\/wp\/v2\/types\/product"}],"replies":[{"embeddable":true,"href":"https:\/\/esentialaroms.com\/es\/wp-json\/wp\/v2\/comments?post=20382"}],"version-history":[{"count":0,"href":"https:\/\/esentialaroms.com\/es\/wp-json\/wp\/v2\/product\/20382\/revisions"}],"wp:featuredmedia":[{"embeddable":true,"href":"https:\/\/esentialaroms.com\/es\/wp-json\/wp\/v2\/media\/20383"}],"wp:attachment":[{"href":"https:\/\/esentialaroms.com\/es\/wp-json\/wp\/v2\/media?parent=20382"}],"wp:term":[{"taxonomy":"product_brand","embeddable":true,"href":"https:\/\/esentialaroms.com\/es\/wp-json\/wp\/v2\/product_brand?post=20382"},{"taxonomy":"product_cat","embeddable":true,"href":"https:\/\/esentialaroms.com\/es\/wp-json\/wp\/v2\/product_cat?post=20382"},{"taxonomy":"product_tag","embeddable":true,"href":"https:\/\/esentialaroms.com\/es\/wp-json\/wp\/v2\/product_tag?post=20382"}],"curies":[{"name":"wp","href":"https:\/\/api.w.org\/{rel}","templated":true}]}}