{"id":15780,"date":"2026-05-07T14:24:32","date_gmt":"2026-05-07T12:24:32","guid":{"rendered":"https:\/\/esentialaroms.com\/productos\/esentialaromatic-difusor-de-pared-con-lampara\/"},"modified":"2026-05-08T14:07:54","modified_gmt":"2026-05-08T12:07:54","slug":"esentialaromatic-difusor-de-pared-con-lampara","status":"publish","type":"product","link":"https:\/\/esentialaroms.com\/es\/productos\/esentialaromatic-difusor-de-pared-con-lampara\/","title":{"rendered":"ESENTIAL&#8217;AROMATIC difusor de pared con l\u00e1mpara"},"content":{"rendered":"<div>Evapora el aceite esencial para ofrecer su fragancia de forma natural. Su aroma perfuma, limpia y equilibra el ambiente. Con luz LED (3 niveles de intensidad) y sensor infrarrojo de movimiento con un alcance de hasta 4,5 m. &nbsp;<\/div>\n<div>PARA AROMATERAPIA CIENT\u00cdFICA &#8211; Esential\u2019ar\u00f4ms dispone de una colecci\u00f3n de sinergias arom\u00e1ticas y de una amplia gama de aceites esenciales 100% puros y naturales para difundir. &nbsp;<\/div>\n","protected":false},"excerpt":{"rendered":"<div>Evapora el aceite esencial para ofrecer su fragancia de forma natural. &nbsp;<\/div>\n<div>Su aroma perfuma, limpia y equilibra el ambiente. &nbsp;<\/div>\n<div>Con luz LED (3 niveles de intensidad) y sensor infrarrojo de movimiento con un alcance de hasta 4,5 m. &nbsp;<\/div>\n","protected":false},"featured_media":15781,"comment_status":"open","ping_status":"closed","template":"","meta":{"_acf_changed":false,"rs_blank_template":"","rs_page_bg_color":"","slide_template_v7":""},"product_brand":[],"product_cat":[286,299],"product_tag":[],"class_list":{"0":"post-15780","1":"product","2":"type-product","3":"status-publish","4":"has-post-thumbnail","6":"product_cat-aromaterapia","7":"product_cat-esential-diffusion-sinergias-aromaticas","9":"first","10":"instock","11":"shipping-taxable","12":"purchasable","13":"product-type-simple"},"acf":[],"_links":{"self":[{"href":"https:\/\/esentialaroms.com\/es\/wp-json\/wp\/v2\/product\/15780","targetHints":{"allow":["GET"]}}],"collection":[{"href":"https:\/\/esentialaroms.com\/es\/wp-json\/wp\/v2\/product"}],"about":[{"href":"https:\/\/esentialaroms.com\/es\/wp-json\/wp\/v2\/types\/product"}],"replies":[{"embeddable":true,"href":"https:\/\/esentialaroms.com\/es\/wp-json\/wp\/v2\/comments?post=15780"}],"version-history":[{"count":0,"href":"https:\/\/esentialaroms.com\/es\/wp-json\/wp\/v2\/product\/15780\/revisions"}],"wp:featuredmedia":[{"embeddable":true,"href":"https:\/\/esentialaroms.com\/es\/wp-json\/wp\/v2\/media\/15781"}],"wp:attachment":[{"href":"https:\/\/esentialaroms.com\/es\/wp-json\/wp\/v2\/media?parent=15780"}],"wp:term":[{"taxonomy":"product_brand","embeddable":true,"href":"https:\/\/esentialaroms.com\/es\/wp-json\/wp\/v2\/product_brand?post=15780"},{"taxonomy":"product_cat","embeddable":true,"href":"https:\/\/esentialaroms.com\/es\/wp-json\/wp\/v2\/product_cat?post=15780"},{"taxonomy":"product_tag","embeddable":true,"href":"https:\/\/esentialaroms.com\/es\/wp-json\/wp\/v2\/product_tag?post=15780"}],"curies":[{"name":"wp","href":"https:\/\/api.w.org\/{rel}","templated":true}]}}