{"id":15761,"date":"2026-05-07T14:24:28","date_gmt":"2026-05-07T12:24:28","guid":{"rendered":"https:\/\/esentialaroms.com\/productos\/esentialmist-humidificador-80ml-con-cromoterapia\/"},"modified":"2026-05-07T14:24:28","modified_gmt":"2026-05-07T12:24:28","slug":"esentialmist-humidificador-80ml-con-cromoterapia","status":"publish","type":"product","link":"https:\/\/esentialaroms.com\/es\/productos\/esentialmist-humidificador-80ml-con-cromoterapia\/","title":{"rendered":"ESENTIAL&#8217;MIST humidificador 80ml con cromoterapia"},"content":{"rendered":"<div>Difusor &#8211; humidificador de aromaterapia con cromoterapia. Utiliza ondas ultras\u00f3nicas para vaporizar el agua y el aceite esencial de tu elecci\u00f3n. Su vapor fresco y perfumado limpia y equilibra el ambiente y proporciona un nivel de humedad \u00f3ptimo. Con luz LED cambiante (varios colores). &nbsp;<\/div>\n<div>Esential&#8217;ar\u00f4ms dispone de una colecci\u00f3n de sinergias arom\u00e1ticas y de una amplia gama de aceites esenciales para difundir. &nbsp;<\/div>\n","protected":false},"excerpt":{"rendered":"<div>Utiliza ondas ultras\u00f3nicas para vaporizar agua y aceites esenciales. Su vapor fresco y perfumado limpia y equilibra el ambiente proporcionando un nivel de humedad \u00f3ptimo. &nbsp;<\/div>\n","protected":false},"featured_media":15762,"comment_status":"open","ping_status":"closed","template":"","meta":{"_acf_changed":false,"rs_blank_template":"","rs_page_bg_color":"","slide_template_v7":""},"product_brand":[],"product_cat":[286,299],"product_tag":[],"class_list":{"0":"post-15761","1":"product","2":"type-product","3":"status-publish","4":"has-post-thumbnail","6":"product_cat-aromaterapia","7":"product_cat-esential-diffusion-sinergias-aromaticas","9":"first","10":"instock","11":"shipping-taxable","12":"purchasable","13":"product-type-simple"},"acf":[],"_links":{"self":[{"href":"https:\/\/esentialaroms.com\/es\/wp-json\/wp\/v2\/product\/15761","targetHints":{"allow":["GET"]}}],"collection":[{"href":"https:\/\/esentialaroms.com\/es\/wp-json\/wp\/v2\/product"}],"about":[{"href":"https:\/\/esentialaroms.com\/es\/wp-json\/wp\/v2\/types\/product"}],"replies":[{"embeddable":true,"href":"https:\/\/esentialaroms.com\/es\/wp-json\/wp\/v2\/comments?post=15761"}],"version-history":[{"count":0,"href":"https:\/\/esentialaroms.com\/es\/wp-json\/wp\/v2\/product\/15761\/revisions"}],"wp:featuredmedia":[{"embeddable":true,"href":"https:\/\/esentialaroms.com\/es\/wp-json\/wp\/v2\/media\/15762"}],"wp:attachment":[{"href":"https:\/\/esentialaroms.com\/es\/wp-json\/wp\/v2\/media?parent=15761"}],"wp:term":[{"taxonomy":"product_brand","embeddable":true,"href":"https:\/\/esentialaroms.com\/es\/wp-json\/wp\/v2\/product_brand?post=15761"},{"taxonomy":"product_cat","embeddable":true,"href":"https:\/\/esentialaroms.com\/es\/wp-json\/wp\/v2\/product_cat?post=15761"},{"taxonomy":"product_tag","embeddable":true,"href":"https:\/\/esentialaroms.com\/es\/wp-json\/wp\/v2\/product_tag?post=15761"}],"curies":[{"name":"wp","href":"https:\/\/api.w.org\/{rel}","templated":true}]}}