{"id":15521,"date":"2026-05-07T14:16:39","date_gmt":"2026-05-07T12:16:39","guid":{"rendered":"https:\/\/esentialaroms.com\/productos\/esential-sun\/"},"modified":"2026-05-07T14:23:33","modified_gmt":"2026-05-07T12:23:33","slug":"esential-sun","status":"publish","type":"product","link":"https:\/\/esentialaroms.com\/es\/productos\/esential-sun\/","title":{"rendered":"ESENTIAL SUN"},"content":{"rendered":"","protected":false},"excerpt":{"rendered":"<div>Protector solar con SPF 50 (UVA + UVB) para adultos y ni\u00f1os. Apto para todo tipo de piel. Con certificaci\u00f3n ecol\u00f3gica &nbsp;<\/div>\n","protected":false},"featured_media":0,"comment_status":"open","ping_status":"closed","template":"","meta":{"_acf_changed":false,"rs_blank_template":"","rs_page_bg_color":"","slide_template_v7":""},"product_brand":[],"product_cat":[287,302],"product_tag":[],"class_list":{"0":"post-15521","1":"product","2":"type-product","3":"status-publish","5":"product_cat-familias","6":"product_cat-solar-esential","8":"first","9":"instock","10":"shipping-taxable","11":"purchasable","12":"product-type-simple"},"acf":[],"_links":{"self":[{"href":"https:\/\/esentialaroms.com\/es\/wp-json\/wp\/v2\/product\/15521","targetHints":{"allow":["GET"]}}],"collection":[{"href":"https:\/\/esentialaroms.com\/es\/wp-json\/wp\/v2\/product"}],"about":[{"href":"https:\/\/esentialaroms.com\/es\/wp-json\/wp\/v2\/types\/product"}],"replies":[{"embeddable":true,"href":"https:\/\/esentialaroms.com\/es\/wp-json\/wp\/v2\/comments?post=15521"}],"version-history":[{"count":0,"href":"https:\/\/esentialaroms.com\/es\/wp-json\/wp\/v2\/product\/15521\/revisions"}],"wp:attachment":[{"href":"https:\/\/esentialaroms.com\/es\/wp-json\/wp\/v2\/media?parent=15521"}],"wp:term":[{"taxonomy":"product_brand","embeddable":true,"href":"https:\/\/esentialaroms.com\/es\/wp-json\/wp\/v2\/product_brand?post=15521"},{"taxonomy":"product_cat","embeddable":true,"href":"https:\/\/esentialaroms.com\/es\/wp-json\/wp\/v2\/product_cat?post=15521"},{"taxonomy":"product_tag","embeddable":true,"href":"https:\/\/esentialaroms.com\/es\/wp-json\/wp\/v2\/product_tag?post=15521"}],"curies":[{"name":"wp","href":"https:\/\/api.w.org\/{rel}","templated":true}]}}