{"id":15489,"date":"2026-05-07T14:16:30","date_gmt":"2026-05-07T12:16:30","guid":{"rendered":"https:\/\/esentialaroms.com\/productos\/micoesential\/"},"modified":"2026-05-07T14:23:32","modified_gmt":"2026-05-07T12:23:32","slug":"micoesential","status":"publish","type":"product","link":"https:\/\/esentialaroms.com\/es\/productos\/micoesential\/","title":{"rendered":"MICOESENTIAL"},"content":{"rendered":"","protected":false},"excerpt":{"rendered":"<div>Soluci\u00f3n para el cuidado de la piel, los pies y las u\u00f1as al \u00e1rbol del t\u00e9. &nbsp;<\/div>\n<div>El aceite esencial de \u00c1RBOL DEL T\u00c9 tiene propiedades antimicrobianas naturales demostradas cient\u00edficamente. &nbsp;<\/div>\n","protected":false},"featured_media":15490,"comment_status":"open","ping_status":"closed","template":"","meta":{"_acf_changed":false,"rs_blank_template":"","rs_page_bg_color":"","slide_template_v7":""},"product_brand":[],"product_cat":[303,378,287,407,285,411],"product_tag":[],"class_list":{"0":"post-15489","1":"product","2":"type-product","3":"status-publish","4":"has-post-thumbnail","6":"product_cat-arbol-del-te","7":"product_cat-corporal","8":"product_cat-familias","9":"product_cat-higiene","10":"product_cat-necesidad","11":"product_cat-piernas-y-pies","13":"first","14":"instock","15":"shipping-taxable","16":"purchasable","17":"product-type-simple"},"acf":[],"_links":{"self":[{"href":"https:\/\/esentialaroms.com\/es\/wp-json\/wp\/v2\/product\/15489","targetHints":{"allow":["GET"]}}],"collection":[{"href":"https:\/\/esentialaroms.com\/es\/wp-json\/wp\/v2\/product"}],"about":[{"href":"https:\/\/esentialaroms.com\/es\/wp-json\/wp\/v2\/types\/product"}],"replies":[{"embeddable":true,"href":"https:\/\/esentialaroms.com\/es\/wp-json\/wp\/v2\/comments?post=15489"}],"version-history":[{"count":0,"href":"https:\/\/esentialaroms.com\/es\/wp-json\/wp\/v2\/product\/15489\/revisions"}],"wp:featuredmedia":[{"embeddable":true,"href":"https:\/\/esentialaroms.com\/es\/wp-json\/wp\/v2\/media\/15490"}],"wp:attachment":[{"href":"https:\/\/esentialaroms.com\/es\/wp-json\/wp\/v2\/media?parent=15489"}],"wp:term":[{"taxonomy":"product_brand","embeddable":true,"href":"https:\/\/esentialaroms.com\/es\/wp-json\/wp\/v2\/product_brand?post=15489"},{"taxonomy":"product_cat","embeddable":true,"href":"https:\/\/esentialaroms.com\/es\/wp-json\/wp\/v2\/product_cat?post=15489"},{"taxonomy":"product_tag","embeddable":true,"href":"https:\/\/esentialaroms.com\/es\/wp-json\/wp\/v2\/product_tag?post=15489"}],"curies":[{"name":"wp","href":"https:\/\/api.w.org\/{rel}","templated":true}]}}