{"id":15301,"date":"2026-05-07T14:11:02","date_gmt":"2026-05-07T12:11:02","guid":{"rendered":"https:\/\/esentialaroms.com\/productos\/womantime-sensual-vitality\/"},"modified":"2026-05-07T14:23:28","modified_gmt":"2026-05-07T12:23:28","slug":"womantime-sensual-vitality","status":"publish","type":"product","link":"https:\/\/esentialaroms.com\/es\/productos\/womantime-sensual-vitality\/","title":{"rendered":"WOMANTIME Sensual Vitality"},"content":{"rendered":"<div>WOMANTIME Sensual Vitality se presenta en envase de 60 c\u00e1psulas y combina extracto de semilla de fenogreco con vitaminas B6 y B9 y zinc. La formulaci\u00f3n est\u00e1 pensada para complementar la alimentaci\u00f3n diaria de la mujer adulta desde un enfoque nutricional, integr\u00e1ndose en una dieta variada y un estilo de vida saludable, sin atribuir efectos distintos de los nutricionalmente autorizados. &nbsp;<\/div>\n","protected":false},"excerpt":{"rendered":"<div>WOMANTIME Sensual Vitality es un complemento alimenticio formulado con extracto de fenogreco, vitaminas del grupo B y zinc, dise\u00f1ado para acompa\u00f1ar el bienestar nutricional de la mujer adulta dentro de un estilo de vida equilibrado. &nbsp;<\/div>\n","protected":false},"featured_media":15302,"comment_status":"open","ping_status":"closed","template":"","meta":{"_acf_changed":false,"rs_blank_template":"","rs_page_bg_color":"","slide_template_v7":""},"product_brand":[],"product_cat":[293,294,285],"product_tag":[],"class_list":{"0":"post-15301","1":"product","2":"type-product","3":"status-publish","4":"has-post-thumbnail","6":"product_cat-bienestar","7":"product_cat-bienestar-mujer","8":"product_cat-necesidad","10":"first","11":"instock","12":"shipping-taxable","13":"purchasable","14":"product-type-simple"},"acf":[],"_links":{"self":[{"href":"https:\/\/esentialaroms.com\/es\/wp-json\/wp\/v2\/product\/15301","targetHints":{"allow":["GET"]}}],"collection":[{"href":"https:\/\/esentialaroms.com\/es\/wp-json\/wp\/v2\/product"}],"about":[{"href":"https:\/\/esentialaroms.com\/es\/wp-json\/wp\/v2\/types\/product"}],"replies":[{"embeddable":true,"href":"https:\/\/esentialaroms.com\/es\/wp-json\/wp\/v2\/comments?post=15301"}],"version-history":[{"count":0,"href":"https:\/\/esentialaroms.com\/es\/wp-json\/wp\/v2\/product\/15301\/revisions"}],"wp:featuredmedia":[{"embeddable":true,"href":"https:\/\/esentialaroms.com\/es\/wp-json\/wp\/v2\/media\/15302"}],"wp:attachment":[{"href":"https:\/\/esentialaroms.com\/es\/wp-json\/wp\/v2\/media?parent=15301"}],"wp:term":[{"taxonomy":"product_brand","embeddable":true,"href":"https:\/\/esentialaroms.com\/es\/wp-json\/wp\/v2\/product_brand?post=15301"},{"taxonomy":"product_cat","embeddable":true,"href":"https:\/\/esentialaroms.com\/es\/wp-json\/wp\/v2\/product_cat?post=15301"},{"taxonomy":"product_tag","embeddable":true,"href":"https:\/\/esentialaroms.com\/es\/wp-json\/wp\/v2\/product_tag?post=15301"}],"curies":[{"name":"wp","href":"https:\/\/api.w.org\/{rel}","templated":true}]}}